{"id":2410,"date":"2025-04-05T01:16:58","date_gmt":"2025-04-05T06:16:58","guid":{"rendered":"http:\/\/pkj.fd8.mytemp.website\/?page_id=2410"},"modified":"2026-02-16T19:03:23","modified_gmt":"2026-02-17T00:03:23","slug":"traducciones","status":"publish","type":"page","link":"https:\/\/onestopmultiservicesga.com\/index.php\/es\/traducciones\/","title":{"rendered":"Traducciones"},"content":{"rendered":"<div class=\"wpb-content-wrapper\"><p>[vc_row type=&#8221;vc_default&#8221;][vc_column width=&#8221;1\/3&#8243; css=&#8221;.vc_custom_1743104543102{padding-bottom: 50px !important;}&#8221; offset=&#8221;vc_hidden-md vc_hidden-sm vc_hidden-xs&#8221;][vc_single_image image=&#8221;2794&#8243; img_size=&#8221;full&#8221; onclick=&#8221;custom_link&#8221; css=&#8221;&#8221; link=&#8221;https:\/\/onestopmultiservicesga.com\/index.php\/es\/contacto\/&#8221;][\/vc_column][vc_column width=&#8221;2\/3&#8243;]<div id=\"ultimate-heading-218669e17398be526\" class=\"uvc-heading ult-adjust-bottom-margin ultimate-heading-218669e17398be526 uvc-2894 \" data-hspacer=\"no_spacer\"  data-halign=\"left\" style=\"text-align:left\"><div class=\"uvc-heading-spacer no_spacer\" style=\"top\"><\/div><div class=\"uvc-main-heading ult-responsive\"  data-ultimate-target='.uvc-heading.ultimate-heading-218669e17398be526 h2'  data-responsive-json-new='{\"font-size\":\"desktop:26px;\",\"line-height\":\"desktop:32px;\"}' ><h2 style=\"font-weight:bold;margin-bottom:20px;\">Traducciones<\/h2><\/div><\/div>[vc_column_text css=&#8221;&#8221;]En One Stop Multiservices, nos especializamos en servicios de traducci\u00f3n entre ingl\u00e9s y espa\u00f1ol para ayudar a individuos y empresas a comunicarse eficazmente en estos dos idiomas ampliamente hablados. Ya sea que est\u00e9s expandiendo tu negocio a nuevos mercados, manejando documentos personales u oficiales, o simplemente asegurando que tu mensaje sea comprendido, nuestro equipo experto est\u00e1 listo para ofrecer traducciones precisas y culturalmente adaptadas.<\/p>\n<p>Traducciones de Alta Calidad<br \/>\nNuestros traductores cuentan con gran experiencia y dominio fluido en ingl\u00e9s y espa\u00f1ol, asegurando que tu texto mantenga su significado, tono e intenci\u00f3n originales. Desde contratos legales y informes m\u00e9dicos hasta contenido creativo y materiales de marketing, garantizamos resultados profesionales y precisos.<\/p>\n<p>Traducciones Certificadas<br \/>\nPara documentos oficiales, como actas de nacimiento, diplomas o papeles de inmigraci\u00f3n, ofrecemos traducciones certificadas que cumplen con los requisitos de instituciones gubernamentales y oficiales. Con nuestra certificaci\u00f3n, puedes estar seguro de que tus documentos ser\u00e1n aceptados sin problemas.<\/p>\n<p>Sensibilidad Cultural y Localizaci\u00f3n<br \/>\nUna traducci\u00f3n efectiva va m\u00e1s all\u00e1 de las palabras, pues implica comprender matices culturales y contextos espec\u00edficos. Nuestro equipo adapta tu texto para garantizar que resuene con la audiencia objetivo y se alinee con las costumbres y expresiones locales. Esto es especialmente crucial para materiales comerciales, anuncios o sitios web dirigidos a mercados de habla inglesa o hispana.<\/p>\n<p>Servicio R\u00e1pido y Confiable<br \/>\nSabemos que el tiempo es un factor esencial, por lo que ofrecemos plazos de entrega eficientes sin comprometer la calidad. Ya sea que necesites traducir una sola p\u00e1gina o un proyecto completo, ofrecemos resultados en los que puedes confiar.<\/p>\n<p>Tu Puente Entre Idiomas<br \/>\nEn One Stop Multiservices, nuestro objetivo es cerrar la brecha ling\u00fc\u00edstica y ayudarte a conectar con audiencias de habla inglesa y espa\u00f1ola. Cont\u00e1ctanos hoy mismo para conocer m\u00e1s sobre nuestros servicios especializados de traducci\u00f3n entre ingl\u00e9s y espa\u00f1ol, y permite que transformemos tu mensaje para que se entienda perfectamente en ambos idiomas.[\/vc_column_text][\/vc_column][\/vc_row][vc_row bg_type=&#8221;bg_color&#8221; bg_override=&#8221;ex-full&#8221; type=&#8221;vc_default&#8221; css=&#8221;.vc_custom_1498753666903{padding-top: 60px !important;padding-bottom: 70px !important;}&#8221; bg_color_value=&#8221;#1f365c&#8221;][vc_column]<div id=\"ultimate-heading-300669e17398be5de\" class=\"uvc-heading ult-adjust-bottom-margin ultimate-heading-300669e17398be5de uvc-4305 accent-title-color\" data-hspacer=\"no_spacer\"  data-halign=\"center\" style=\"text-align:center\"><div class=\"uvc-heading-spacer no_spacer\" style=\"top\"><\/div><div class=\"uvc-main-heading ult-responsive\"  data-ultimate-target='.uvc-heading.ultimate-heading-300669e17398be5de h2'  data-responsive-json-new='{\"font-size\":\"desktop:40px;tablet_portrait:20px;\",\"line-height\":\"desktop:46px;tablet_portrait:26px;\"}' ><h2 style=\"font-family:&#039;Open Sans Condensed&#039;;font-weight:700;margin-bottom:10px;\">\u00a1Ap\u00farate! Cont\u00e1ctanos hoy y ten una<\/h2><\/div><div class=\"uvc-sub-heading ult-responsive\"  data-ultimate-target='.uvc-heading.ultimate-heading-300669e17398be5de .uvc-sub-heading '  data-responsive-json-new='{\"font-size\":\"desktop:70px;tablet_portrait:40px;\",\"line-height\":\"desktop:76px;tablet_portrait:46px;\"}'  style=\"font-family:&#039;Open Sans Condensed&#039;;font-weight:700;color:#ffffff;\">PRIMERA CONSULTA GRATUITA<\/div><\/div><style type=\"text\/css\" data-type=\"the7_shortcodes-inline-css\">#default-btn-416e9b25d582a7bbca7f24406d9b7d98.ico-right-side > i {\n  margin-right: 0px;\n  margin-left: 8px;\n}\n#default-btn-416e9b25d582a7bbca7f24406d9b7d98 > i {\n  margin-right: 8px;\n}<\/style><div class=\"btn-align-center\"><a href=\"https:\/\/onestopmultiservicesga.com\/index.php\/es\/contacto\/\" class=\"default-btn-shortcode dt-btn dt-btn-l link-hover-off  vc_custom_1743837377310\" id=\"default-btn-416e9b25d582a7bbca7f24406d9b7d98\" style=\"width:400px;\" title=\"Contacto\"><span>AGENDA TU CONSULTA<\/span><\/a><\/div>[\/vc_column][\/vc_row][vc_row][vc_column][vc_gmaps link=&#8221;#E-8_JTNDaWZyYW1lJTIwc3JjJTNEJTIyaHR0cHMlM0ElMkYlMkZ3d3cuZ29vZ2xlLmNvbSUyRm1hcHMlMkZlbWJlZCUzRnBiJTNEJTIxMW0xOCUyMTFtMTIlMjExbTMlMjExZDM3OC44MjE3NDAyMTI1OTYyNCUyMTJkLTg0LjExNTQxNDY3MzQ5OTE3JTIxM2QzMy45MDQ1MDA1NjU0ODc5OCUyMTJtMyUyMTFmMCUyMTJmMCUyMTNmMCUyMTNtMiUyMTFpMTAyNCUyMTJpNzY4JTIxNGYxMy4xJTIxM20zJTIxMW0yJTIxMXMweDg4ZjVhNGI5MWRhNDIwODclMjUzQTB4YTkxYmRlZWU5ODkyZWYyOSUyMTJzT25lJTI1MjBTdG9wJTI1MjBNdWx0aXNlcnZpY2VzJTIxNWUwJTIxM20yJTIxMXNlcy00MTklMjEyc3ZlJTIxNHYxNzQzNDIwMDc3NDYxJTIxNW0yJTIxMXNlcy00MTklMjEyc3ZlJTIyJTIwd2lkdGglM0QlMjI2MDAlMjIlMjBoZWlnaHQlM0QlMjI0NTAlMjIlMjBzdHlsZSUzRCUyMmJvcmRlciUzQTAlM0IlMjIlMjBhbGxvd2Z1bGxzY3JlZW4lM0QlMjIlMjIlMjBsb2FkaW5nJTNEJTIybGF6eSUyMiUyMHJlZmVycmVycG9saWN5JTNEJTIybm8tcmVmZXJyZXItd2hlbi1kb3duZ3JhZGUlMjIlM0UlM0MlMkZpZnJhbWUlM0U=&#8221; css=&#8221;&#8221;][\/vc_column][\/vc_row]<\/p>\n<\/div>","protected":false},"excerpt":{"rendered":"<p>[vc_row type=&#8221;vc_default&#8221;][vc_column width=&#8221;1\/3&#8243; css=&#8221;.vc_custom_1743104543102{padding-bottom: 50px !important;}&#8221; offset=&#8221;vc_hidden-md vc_hidden-sm vc_hidden-xs&#8221;][vc_single_image image=&#8221;2794&#8243; img_size=&#8221;full&#8221; onclick=&#8221;custom_link&#8221; css=&#8221;&#8221; link=&#8221;https:\/\/onestopmultiservicesga.com\/index.php\/es\/contacto\/&#8221;][\/vc_column][vc_column width=&#8221;2\/3&#8243;][vc_column_text css=&#8221;&#8221;]En One Stop Multiservices, nos especializamos en servicios de traducci\u00f3n entre ingl\u00e9s y espa\u00f1ol para ayudar a individuos y empresas a comunicarse eficazmente en estos dos idiomas ampliamente hablados. Ya sea que est\u00e9s expandiendo tu negocio a nuevos mercados, manejando&hellip;<\/p>\n","protected":false},"author":1,"featured_media":0,"parent":0,"menu_order":100,"comment_status":"closed","ping_status":"closed","template":"","meta":{"footnotes":""},"class_list":["post-2410","page","type-page","status-publish","hentry","description-off"],"lang":"es","translations":{"es":2410},"pll_sync_post":[],"_links":{"self":[{"href":"https:\/\/onestopmultiservicesga.com\/index.php\/wp-json\/wp\/v2\/pages\/2410","targetHints":{"allow":["GET"]}}],"collection":[{"href":"https:\/\/onestopmultiservicesga.com\/index.php\/wp-json\/wp\/v2\/pages"}],"about":[{"href":"https:\/\/onestopmultiservicesga.com\/index.php\/wp-json\/wp\/v2\/types\/page"}],"author":[{"embeddable":true,"href":"https:\/\/onestopmultiservicesga.com\/index.php\/wp-json\/wp\/v2\/users\/1"}],"replies":[{"embeddable":true,"href":"https:\/\/onestopmultiservicesga.com\/index.php\/wp-json\/wp\/v2\/comments?post=2410"}],"version-history":[{"count":5,"href":"https:\/\/onestopmultiservicesga.com\/index.php\/wp-json\/wp\/v2\/pages\/2410\/revisions"}],"predecessor-version":[{"id":2839,"href":"https:\/\/onestopmultiservicesga.com\/index.php\/wp-json\/wp\/v2\/pages\/2410\/revisions\/2839"}],"wp:attachment":[{"href":"https:\/\/onestopmultiservicesga.com\/index.php\/wp-json\/wp\/v2\/media?parent=2410"}],"curies":[{"name":"wp","href":"https:\/\/api.w.org\/{rel}","templated":true}]}}