{"id":2408,"date":"2025-04-05T01:16:55","date_gmt":"2025-04-05T06:16:55","guid":{"rendered":"http:\/\/pkj.fd8.mytemp.website\/?page_id=2408"},"modified":"2026-02-16T19:03:20","modified_gmt":"2026-02-17T00:03:20","slug":"poderes","status":"publish","type":"page","link":"https:\/\/onestopmultiservicesga.com\/index.php\/es\/poderes\/","title":{"rendered":"Poderes"},"content":{"rendered":"<div class=\"wpb-content-wrapper\"><p>[vc_row type=&#8221;vc_default&#8221;][vc_column width=&#8221;1\/3&#8243; css=&#8221;.vc_custom_1743104543102{padding-bottom: 50px !important;}&#8221; offset=&#8221;vc_hidden-md vc_hidden-sm vc_hidden-xs&#8221;][vc_single_image image=&#8221;2794&#8243; img_size=&#8221;full&#8221; onclick=&#8221;custom_link&#8221; css=&#8221;&#8221; link=&#8221;https:\/\/onestopmultiservicesga.com\/index.php\/es\/contacto\/&#8221;][\/vc_column][vc_column width=&#8221;2\/3&#8243;]<div id=\"ultimate-heading-99269e173548582c\" class=\"uvc-heading ult-adjust-bottom-margin ultimate-heading-99269e173548582c uvc-3173 \" data-hspacer=\"no_spacer\"  data-halign=\"left\" style=\"text-align:left\"><div class=\"uvc-heading-spacer no_spacer\" style=\"top\"><\/div><div class=\"uvc-main-heading ult-responsive\"  data-ultimate-target='.uvc-heading.ultimate-heading-99269e173548582c h2'  data-responsive-json-new='{\"font-size\":\"desktop:26px;\",\"line-height\":\"desktop:32px;\"}' ><h2 style=\"font-weight:bold;margin-bottom:20px;\">Poderes<\/h2><\/div><\/div>[vc_column_text css=&#8221;&#8221;]En One Stop Multiservices, entendemos lo fundamental que es contar con alguien de confianza para actuar en tu nombre cuando las circunstancias lo requieran. Por eso, ofrecemos servicios especializados para la creaci\u00f3n de documentos de poderes de representaci\u00f3n, permiti\u00e9ndote asegurar que tus decisiones personales y financieras sean manejadas de manera responsable.<\/p>\n<p><strong>\u00bfQu\u00e9 es un Poder de Representaci\u00f3n?<\/strong><br \/>\nUn Poder de Representaci\u00f3n es un documento legal que otorga a una persona designada\u2014tu representante legal\u2014la autoridad para actuar en tu nombre en asuntos espec\u00edficos. Ya sea para la gesti\u00f3n de tus finanzas o la toma de decisiones legales, el Poder garantiza que tus deseos se cumplan incluso si no puedes hacerlo personalmente.<\/p>\n<p><strong>Tipos de Poder<\/strong><br \/>\n<strong>Poder General:<\/strong> Otorga autoridad amplia a tu representante para manejar diversos asuntos personales y financieros.<\/p>\n<p><strong>Poder Limitado:<\/strong> Concede autoridad espec\u00edfica para determinadas tareas o un per\u00edodo determinado, como la finalizaci\u00f3n de una transacci\u00f3n inmobiliaria.<\/p>\n<p><strong>\u00bfPor qu\u00e9 necesitas un Poder?<\/strong><br \/>\nTener un Poder brinda tranquilidad, garantizando que tus asuntos sean manejados conforme a tus instrucciones. Elimina incertidumbre y permite que una persona de confianza tome decisiones clave, evitando retrasos o complicaciones legales.<\/p>\n<p><strong>Validez Internacional<\/strong><br \/>\nEn One Stop Multiservices, creamos los documentos relevantes para que puedas otorgar el poder de representaci\u00f3n a una persona de confianza, permiti\u00e9ndole gestionar tus asuntos en pa\u00edses de Am\u00e9rica Latina y el Caribe.<\/p>\n<p><strong>Tu Aliado en Protecci\u00f3n<\/strong><br \/>\nEn One Stop Multiservices, estamos aqu\u00ed para ayudarte en la redacci\u00f3n de documentos de poderes que reflejen tus necesidades y preferencias espec\u00edficas. Te guiaremos con profesionalismo y atenci\u00f3n, asegurando que t\u00fa y tus seres queridos est\u00e9n preparados para cualquier situaci\u00f3n.<\/p>\n<p>Asegura tu tranquilidad hoy mismo. Cont\u00e1ctanos para m\u00e1s informaci\u00f3n.[\/vc_column_text][\/vc_column][\/vc_row][vc_row bg_type=&#8221;bg_color&#8221; bg_override=&#8221;ex-full&#8221; type=&#8221;vc_default&#8221; css=&#8221;.vc_custom_1498753666903{padding-top: 60px !important;padding-bottom: 70px !important;}&#8221; bg_color_value=&#8221;#1f365c&#8221;][vc_column]<div id=\"ultimate-heading-88169e1735485949\" class=\"uvc-heading ult-adjust-bottom-margin ultimate-heading-88169e1735485949 uvc-2626 accent-title-color\" data-hspacer=\"no_spacer\"  data-halign=\"center\" style=\"text-align:center\"><div class=\"uvc-heading-spacer no_spacer\" style=\"top\"><\/div><div class=\"uvc-main-heading ult-responsive\"  data-ultimate-target='.uvc-heading.ultimate-heading-88169e1735485949 h2'  data-responsive-json-new='{\"font-size\":\"desktop:40px;tablet_portrait:20px;\",\"line-height\":\"desktop:46px;tablet_portrait:26px;\"}' ><h2 style=\"font-family:&#039;Open Sans Condensed&#039;;font-weight:700;margin-bottom:10px;\">\u00a1Ap\u00farate! Cont\u00e1ctanos hoy y ten una<\/h2><\/div><div class=\"uvc-sub-heading ult-responsive\"  data-ultimate-target='.uvc-heading.ultimate-heading-88169e1735485949 .uvc-sub-heading '  data-responsive-json-new='{\"font-size\":\"desktop:70px;tablet_portrait:40px;\",\"line-height\":\"desktop:76px;tablet_portrait:46px;\"}'  style=\"font-family:&#039;Open Sans Condensed&#039;;font-weight:700;color:#ffffff;\">PRIMERA CONSULTA GRATUITA<\/div><\/div><style type=\"text\/css\" data-type=\"the7_shortcodes-inline-css\">#default-btn-416e9b25d582a7bbca7f24406d9b7d98.ico-right-side > i {\n  margin-right: 0px;\n  margin-left: 8px;\n}\n#default-btn-416e9b25d582a7bbca7f24406d9b7d98 > i {\n  margin-right: 8px;\n}<\/style><div class=\"btn-align-center\"><a href=\"https:\/\/onestopmultiservicesga.com\/index.php\/es\/contacto\/\" class=\"default-btn-shortcode dt-btn dt-btn-l link-hover-off  vc_custom_1743837377310\" id=\"default-btn-416e9b25d582a7bbca7f24406d9b7d98\" style=\"width:400px;\" title=\"Contacto\"><span>AGENDA TU CONSULTA<\/span><\/a><\/div>[\/vc_column][\/vc_row][vc_row][vc_column][vc_gmaps link=&#8221;#E-8_JTNDaWZyYW1lJTIwc3JjJTNEJTIyaHR0cHMlM0ElMkYlMkZ3d3cuZ29vZ2xlLmNvbSUyRm1hcHMlMkZlbWJlZCUzRnBiJTNEJTIxMW0xOCUyMTFtMTIlMjExbTMlMjExZDM3OC44MjE3NDAyMTI1OTYyNCUyMTJkLTg0LjExNTQxNDY3MzQ5OTE3JTIxM2QzMy45MDQ1MDA1NjU0ODc5OCUyMTJtMyUyMTFmMCUyMTJmMCUyMTNmMCUyMTNtMiUyMTFpMTAyNCUyMTJpNzY4JTIxNGYxMy4xJTIxM20zJTIxMW0yJTIxMXMweDg4ZjVhNGI5MWRhNDIwODclMjUzQTB4YTkxYmRlZWU5ODkyZWYyOSUyMTJzT25lJTI1MjBTdG9wJTI1MjBNdWx0aXNlcnZpY2VzJTIxNWUwJTIxM20yJTIxMXNlcy00MTklMjEyc3ZlJTIxNHYxNzQzNDIwMDc3NDYxJTIxNW0yJTIxMXNlcy00MTklMjEyc3ZlJTIyJTIwd2lkdGglM0QlMjI2MDAlMjIlMjBoZWlnaHQlM0QlMjI0NTAlMjIlMjBzdHlsZSUzRCUyMmJvcmRlciUzQTAlM0IlMjIlMjBhbGxvd2Z1bGxzY3JlZW4lM0QlMjIlMjIlMjBsb2FkaW5nJTNEJTIybGF6eSUyMiUyMHJlZmVycmVycG9saWN5JTNEJTIybm8tcmVmZXJyZXItd2hlbi1kb3duZ3JhZGUlMjIlM0UlM0MlMkZpZnJhbWUlM0U=&#8221; css=&#8221;&#8221;][\/vc_column][\/vc_row]<\/p>\n<\/div>","protected":false},"excerpt":{"rendered":"<p>[vc_row type=&#8221;vc_default&#8221;][vc_column width=&#8221;1\/3&#8243; css=&#8221;.vc_custom_1743104543102{padding-bottom: 50px !important;}&#8221; offset=&#8221;vc_hidden-md vc_hidden-sm vc_hidden-xs&#8221;][vc_single_image image=&#8221;2794&#8243; img_size=&#8221;full&#8221; onclick=&#8221;custom_link&#8221; css=&#8221;&#8221; link=&#8221;https:\/\/onestopmultiservicesga.com\/index.php\/es\/contacto\/&#8221;][\/vc_column][vc_column width=&#8221;2\/3&#8243;][vc_column_text css=&#8221;&#8221;]En One Stop Multiservices, entendemos lo fundamental que es contar con alguien de confianza para actuar en tu nombre cuando las circunstancias lo requieran. Por eso, ofrecemos servicios especializados para la creaci\u00f3n de documentos de poderes de representaci\u00f3n, permiti\u00e9ndote asegurar&hellip;<\/p>\n","protected":false},"author":1,"featured_media":0,"parent":0,"menu_order":100,"comment_status":"closed","ping_status":"closed","template":"","meta":{"footnotes":""},"class_list":["post-2408","page","type-page","status-publish","hentry","description-off"],"lang":"es","translations":{"es":2408},"pll_sync_post":[],"_links":{"self":[{"href":"https:\/\/onestopmultiservicesga.com\/index.php\/wp-json\/wp\/v2\/pages\/2408","targetHints":{"allow":["GET"]}}],"collection":[{"href":"https:\/\/onestopmultiservicesga.com\/index.php\/wp-json\/wp\/v2\/pages"}],"about":[{"href":"https:\/\/onestopmultiservicesga.com\/index.php\/wp-json\/wp\/v2\/types\/page"}],"author":[{"embeddable":true,"href":"https:\/\/onestopmultiservicesga.com\/index.php\/wp-json\/wp\/v2\/users\/1"}],"replies":[{"embeddable":true,"href":"https:\/\/onestopmultiservicesga.com\/index.php\/wp-json\/wp\/v2\/comments?post=2408"}],"version-history":[{"count":6,"href":"https:\/\/onestopmultiservicesga.com\/index.php\/wp-json\/wp\/v2\/pages\/2408\/revisions"}],"predecessor-version":[{"id":2837,"href":"https:\/\/onestopmultiservicesga.com\/index.php\/wp-json\/wp\/v2\/pages\/2408\/revisions\/2837"}],"wp:attachment":[{"href":"https:\/\/onestopmultiservicesga.com\/index.php\/wp-json\/wp\/v2\/media?parent=2408"}],"curies":[{"name":"wp","href":"https:\/\/api.w.org\/{rel}","templated":true}]}}