{"id":2406,"date":"2025-04-05T01:16:45","date_gmt":"2025-04-05T06:16:45","guid":{"rendered":"http:\/\/pkj.fd8.mytemp.website\/?page_id=2406"},"modified":"2026-02-16T19:02:57","modified_gmt":"2026-02-17T00:02:57","slug":"seguro-de-propiedad-personal","status":"publish","type":"page","link":"https:\/\/onestopmultiservicesga.com\/index.php\/es\/seguro-de-propiedad-personal\/","title":{"rendered":"Seguro de Propiedad Personal"},"content":{"rendered":"<div class=\"wpb-content-wrapper\"><p>[vc_row type=&#8221;vc_default&#8221;][vc_column width=&#8221;1\/3&#8243; css=&#8221;.vc_custom_1743104543102{padding-bottom: 50px !important;}&#8221; offset=&#8221;vc_hidden-md vc_hidden-sm vc_hidden-xs&#8221;][vc_single_image image=&#8221;2794&#8243; img_size=&#8221;full&#8221; onclick=&#8221;custom_link&#8221; css=&#8221;&#8221; link=&#8221;https:\/\/onestopmultiservicesga.com\/index.php\/es\/contacto\/&#8221;][\/vc_column][vc_column width=&#8221;2\/3&#8243;]<div id=\"ultimate-heading-771969e173540c23d\" class=\"uvc-heading ult-adjust-bottom-margin ultimate-heading-771969e173540c23d uvc-2625 \" data-hspacer=\"no_spacer\"  data-halign=\"left\" style=\"text-align:left\"><div class=\"uvc-heading-spacer no_spacer\" style=\"top\"><\/div><div class=\"uvc-main-heading ult-responsive\"  data-ultimate-target='.uvc-heading.ultimate-heading-771969e173540c23d h2'  data-responsive-json-new='{\"font-size\":\"desktop:26px;\",\"line-height\":\"desktop:32px;\"}' ><h2 style=\"font-weight:bold;margin-bottom:20px;\">Seguro de Propiedad Personal<\/h2><\/div><\/div>[vc_column_text css=&#8221;&#8221;]En One Stop Multiservices, entendemos que tus pertenencias son m\u00e1s que simples objetos: representan tu esfuerzo, recuerdos valiosos y una inversi\u00f3n financiera. Por eso, ofrecemos Seguro de Propiedad Personal, dise\u00f1ado para proteger lo que m\u00e1s te importa y brindarte tranquilidad ante las incertidumbres de la vida.<\/p>\n<p><strong>Cobertura Integral<\/strong><br \/>\nNuestro Seguro de Propiedad Personal protege una amplia variedad de art\u00edculos, incluyendo muebles, electr\u00f3nicos, joyas, ropa y m\u00e1s. Ya sea por incendios, robos, vandalismo o desastres naturales, nuestras p\u00f3lizas garantizan la seguridad de tus bienes.<\/p>\n<p><strong>Opciones Personalizables<\/strong><br \/>\nCada persona tiene necesidades \u00fanicas, por lo que ofrecemos planes personalizables que se adaptan a tu estilo de vida. Desde cobertura adicional para art\u00edculos de alto valor, como antig\u00fcedades y obras de arte, hasta opciones flexibles para propietarios e inquilinos, dise\u00f1amos nuestras soluciones seg\u00fan tus requisitos.<\/p>\n<p><strong>Protecci\u00f3n Accesible<\/strong><br \/>\nCuidar tus pertenencias no debe ser una carga financiera. Nos esforzamos por ofrecer tarifas competitivas y precios transparentes, para que puedas proteger tus bienes sin afectar tu presupuesto.<\/p>\n<p><strong>Proceso de Reclamaciones Sencillo<\/strong><br \/>\nEn caso de una p\u00e9rdida inesperada, nuestro equipo est\u00e1 listo para apoyarte con un proceso de reclamaci\u00f3n sin complicaciones. Priorizamos la eficiencia y empat\u00eda para asegurarnos de que recibas la asistencia y compensaci\u00f3n necesarias para recuperarte r\u00e1pidamente.<\/p>\n<p><strong>Tu Socio en Protecci\u00f3n<\/strong><br \/>\nEn One Stop Multiservices, nuestra misi\u00f3n es ofrecerte una cobertura confiable y completa para que vivas con confianza cada d\u00eda. Con nuestro Seguro de Propiedad Personal, puedes disfrutar de la tranquilidad de saber que tus pertenencias est\u00e1n protegidas, pase lo que pase.<\/p>\n<p>Protege tus bienes y asegura tu paz mental hoy mismo. \u00a1Cont\u00e1ctanos para conocer m\u00e1s sobre nuestros planes y encontrar la cobertura perfecta para tus necesidades![\/vc_column_text][\/vc_column][\/vc_row][vc_row bg_type=&#8221;bg_color&#8221; bg_override=&#8221;ex-full&#8221; type=&#8221;vc_default&#8221; css=&#8221;.vc_custom_1498753666903{padding-top: 60px !important;padding-bottom: 70px !important;}&#8221; bg_color_value=&#8221;#1f365c&#8221;][vc_column]<div id=\"ultimate-heading-135969e173540c33c\" class=\"uvc-heading ult-adjust-bottom-margin ultimate-heading-135969e173540c33c uvc-9472 accent-title-color\" data-hspacer=\"no_spacer\"  data-halign=\"center\" style=\"text-align:center\"><div class=\"uvc-heading-spacer no_spacer\" style=\"top\"><\/div><div class=\"uvc-main-heading ult-responsive\"  data-ultimate-target='.uvc-heading.ultimate-heading-135969e173540c33c h2'  data-responsive-json-new='{\"font-size\":\"desktop:40px;tablet_portrait:20px;\",\"line-height\":\"desktop:46px;tablet_portrait:26px;\"}' ><h2 style=\"font-family:&#039;Open Sans Condensed&#039;;font-weight:700;margin-bottom:10px;\">\u00a1Ap\u00farate! Cont\u00e1ctanos hoy y ten una<\/h2><\/div><div class=\"uvc-sub-heading ult-responsive\"  data-ultimate-target='.uvc-heading.ultimate-heading-135969e173540c33c .uvc-sub-heading '  data-responsive-json-new='{\"font-size\":\"desktop:70px;tablet_portrait:40px;\",\"line-height\":\"desktop:76px;tablet_portrait:46px;\"}'  style=\"font-family:&#039;Open Sans Condensed&#039;;font-weight:700;color:#ffffff;\">PRIMERA CONSULTA GRATUITA<\/div><\/div><style type=\"text\/css\" data-type=\"the7_shortcodes-inline-css\">#default-btn-416e9b25d582a7bbca7f24406d9b7d98.ico-right-side > i {\n  margin-right: 0px;\n  margin-left: 8px;\n}\n#default-btn-416e9b25d582a7bbca7f24406d9b7d98 > i {\n  margin-right: 8px;\n}<\/style><div class=\"btn-align-center\"><a href=\"https:\/\/onestopmultiservicesga.com\/index.php\/es\/contacto\/\" class=\"default-btn-shortcode dt-btn dt-btn-l link-hover-off  vc_custom_1743837377310\" id=\"default-btn-416e9b25d582a7bbca7f24406d9b7d98\" style=\"width:400px;\" title=\"Contacto\"><span>AGENDA TU CONSULTA<\/span><\/a><\/div>[\/vc_column][\/vc_row][vc_row][vc_column][vc_gmaps link=&#8221;#E-8_JTNDaWZyYW1lJTIwc3JjJTNEJTIyaHR0cHMlM0ElMkYlMkZ3d3cuZ29vZ2xlLmNvbSUyRm1hcHMlMkZlbWJlZCUzRnBiJTNEJTIxMW0xOCUyMTFtMTIlMjExbTMlMjExZDM3OC44MjE3NDAyMTI1OTYyNCUyMTJkLTg0LjExNTQxNDY3MzQ5OTE3JTIxM2QzMy45MDQ1MDA1NjU0ODc5OCUyMTJtMyUyMTFmMCUyMTJmMCUyMTNmMCUyMTNtMiUyMTFpMTAyNCUyMTJpNzY4JTIxNGYxMy4xJTIxM20zJTIxMW0yJTIxMXMweDg4ZjVhNGI5MWRhNDIwODclMjUzQTB4YTkxYmRlZWU5ODkyZWYyOSUyMTJzT25lJTI1MjBTdG9wJTI1MjBNdWx0aXNlcnZpY2VzJTIxNWUwJTIxM20yJTIxMXNlcy00MTklMjEyc3ZlJTIxNHYxNzQzNDIwMDc3NDYxJTIxNW0yJTIxMXNlcy00MTklMjEyc3ZlJTIyJTIwd2lkdGglM0QlMjI2MDAlMjIlMjBoZWlnaHQlM0QlMjI0NTAlMjIlMjBzdHlsZSUzRCUyMmJvcmRlciUzQTAlM0IlMjIlMjBhbGxvd2Z1bGxzY3JlZW4lM0QlMjIlMjIlMjBsb2FkaW5nJTNEJTIybGF6eSUyMiUyMHJlZmVycmVycG9saWN5JTNEJTIybm8tcmVmZXJyZXItd2hlbi1kb3duZ3JhZGUlMjIlM0UlM0MlMkZpZnJhbWUlM0U=&#8221; css=&#8221;&#8221;][\/vc_column][\/vc_row]<\/p>\n<\/div>","protected":false},"excerpt":{"rendered":"<p>[vc_row type=&#8221;vc_default&#8221;][vc_column width=&#8221;1\/3&#8243; css=&#8221;.vc_custom_1743104543102{padding-bottom: 50px !important;}&#8221; offset=&#8221;vc_hidden-md vc_hidden-sm vc_hidden-xs&#8221;][vc_single_image image=&#8221;2794&#8243; img_size=&#8221;full&#8221; onclick=&#8221;custom_link&#8221; css=&#8221;&#8221; link=&#8221;https:\/\/onestopmultiservicesga.com\/index.php\/es\/contacto\/&#8221;][\/vc_column][vc_column width=&#8221;2\/3&#8243;][vc_column_text css=&#8221;&#8221;]En One Stop Multiservices, entendemos que tus pertenencias son m\u00e1s que simples objetos: representan tu esfuerzo, recuerdos valiosos y una inversi\u00f3n financiera. Por eso, ofrecemos Seguro de Propiedad Personal, dise\u00f1ado para proteger lo que m\u00e1s te importa y brindarte tranquilidad&hellip;<\/p>\n","protected":false},"author":1,"featured_media":0,"parent":0,"menu_order":100,"comment_status":"closed","ping_status":"closed","template":"","meta":{"footnotes":""},"class_list":["post-2406","page","type-page","status-publish","hentry","description-off"],"lang":"es","translations":{"es":2406},"pll_sync_post":[],"_links":{"self":[{"href":"https:\/\/onestopmultiservicesga.com\/index.php\/wp-json\/wp\/v2\/pages\/2406","targetHints":{"allow":["GET"]}}],"collection":[{"href":"https:\/\/onestopmultiservicesga.com\/index.php\/wp-json\/wp\/v2\/pages"}],"about":[{"href":"https:\/\/onestopmultiservicesga.com\/index.php\/wp-json\/wp\/v2\/types\/page"}],"author":[{"embeddable":true,"href":"https:\/\/onestopmultiservicesga.com\/index.php\/wp-json\/wp\/v2\/users\/1"}],"replies":[{"embeddable":true,"href":"https:\/\/onestopmultiservicesga.com\/index.php\/wp-json\/wp\/v2\/comments?post=2406"}],"version-history":[{"count":6,"href":"https:\/\/onestopmultiservicesga.com\/index.php\/wp-json\/wp\/v2\/pages\/2406\/revisions"}],"predecessor-version":[{"id":2825,"href":"https:\/\/onestopmultiservicesga.com\/index.php\/wp-json\/wp\/v2\/pages\/2406\/revisions\/2825"}],"wp:attachment":[{"href":"https:\/\/onestopmultiservicesga.com\/index.php\/wp-json\/wp\/v2\/media?parent=2406"}],"curies":[{"name":"wp","href":"https:\/\/api.w.org\/{rel}","templated":true}]}}