{"id":2405,"date":"2025-04-05T01:16:43","date_gmt":"2025-04-05T06:16:43","guid":{"rendered":"http:\/\/pkj.fd8.mytemp.website\/?page_id=2405"},"modified":"2026-02-16T19:02:49","modified_gmt":"2026-02-17T00:02:49","slug":"seguros-personales","status":"publish","type":"page","link":"https:\/\/onestopmultiservicesga.com\/index.php\/es\/seguros-personales\/","title":{"rendered":"Seguros Personales"},"content":{"rendered":"<div class=\"wpb-content-wrapper\"><p>[vc_row type=&#8221;vc_default&#8221;][vc_column width=&#8221;1\/3&#8243; css=&#8221;.vc_custom_1743104543102{padding-bottom: 50px !important;}&#8221; offset=&#8221;vc_hidden-md vc_hidden-sm vc_hidden-xs&#8221;][vc_single_image image=&#8221;2794&#8243; img_size=&#8221;full&#8221; onclick=&#8221;custom_link&#8221; css=&#8221;&#8221; link=&#8221;https:\/\/onestopmultiservicesga.com\/index.php\/es\/contacto\/&#8221;][\/vc_column][vc_column width=&#8221;2\/3&#8243;]<div id=\"ultimate-heading-610669e17399ba9ca\" class=\"uvc-heading ult-adjust-bottom-margin ultimate-heading-610669e17399ba9ca uvc-1755 \" data-hspacer=\"no_spacer\"  data-halign=\"left\" style=\"text-align:left\"><div class=\"uvc-heading-spacer no_spacer\" style=\"top\"><\/div><div class=\"uvc-main-heading ult-responsive\"  data-ultimate-target='.uvc-heading.ultimate-heading-610669e17399ba9ca h2'  data-responsive-json-new='{\"font-size\":\"desktop:26px;\",\"line-height\":\"desktop:32px;\"}' ><h2 style=\"font-weight:bold;margin-bottom:20px;\">Seguros Personales<\/h2><\/div><\/div>[vc_column_text css=&#8221;&#8221;]En One Stop Multiservices, entendemos que la vida est\u00e1 llena de incertidumbres, y proteger a tus seres queridos, activos y futuro es una prioridad. Nuestros servicios de Seguro Personal est\u00e1n dise\u00f1ados para brindarte la protecci\u00f3n y tranquilidad que necesitas, para que puedas enfocarte en lo que realmente importa.<\/p>\n<p><strong>Seguro de Salud<\/strong><br \/>\nTu salud es tu activo m\u00e1s valioso, y nuestros planes de seguro de salud integral cubren gastos m\u00e9dicos, hospitalizaciones y atenci\u00f3n preventiva. Con opciones adaptadas, aseguramos que t\u00fa y tu familia reciban la mejor atenci\u00f3n cuando m\u00e1s la necesiten.<\/p>\n<p><strong>Seguro de Vida<\/strong><br \/>\nPlanificar el futuro es esencial, y nuestras p\u00f3lizas de seguro de vida brindan seguridad financiera a tus seres queridos en caso de imprevistos. Ya sea que busques seguro de vida a t\u00e9rmino, permanente o universal, tenemos soluciones que se ajustan a tus objetivos a largo plazo.<\/p>\n<p><strong>Seguro de Propietarios e Inquilinos<\/strong><br \/>\nProtege tu hogar y pertenencias con nuestras p\u00f3lizas de seguro de propietarios e inquilinos. Ya sea que tengas una casa propia o alquiles un departamento, nuestra cobertura te resguarda contra incendios, robos, desastres naturales y m\u00e1s.<\/p>\n<p><strong>Seguro de Auto<\/strong><br \/>\nMantente protegido en la carretera con nuestros planes de seguro de autom\u00f3vil confiables. Desde accidentes hasta robos, nuestras p\u00f3lizas ofrecen cobertura integral y protecci\u00f3n de responsabilidad, asegurando tu seguridad mientras conduces.<\/p>\n<p><strong>Planes Personalizables<\/strong><br \/>\nCreemos que el seguro personal debe ser realmente personal, por lo que ofrecemos paquetes ajustables a tus necesidades y prioridades espec\u00edficas.<\/p>\n<p><strong>Tu Socio en Protecci\u00f3n<\/strong><br \/>\nEn One Stop Multiservices, estamos comprometidos con brindarte un servicio excepcional y orientaci\u00f3n en cada paso. Nuestro equipo de expertos trabaja contigo para evaluar tus necesidades y encontrar la mejor cobertura para proteger tu futuro.<\/p>\n<p>Conf\u00eda en nosotros como tu aliado para crear un ma\u00f1ana seguro y sin preocupaciones. \u00a1Cont\u00e1ctanos hoy para m\u00e1s informaci\u00f3n![\/vc_column_text][\/vc_column][\/vc_row][vc_row bg_type=&#8221;bg_color&#8221; bg_override=&#8221;ex-full&#8221; type=&#8221;vc_default&#8221; css=&#8221;.vc_custom_1498753666903{padding-top: 60px !important;padding-bottom: 70px !important;}&#8221; bg_color_value=&#8221;#1f365c&#8221;][vc_column]<div id=\"ultimate-heading-849169e17399baac6\" class=\"uvc-heading ult-adjust-bottom-margin ultimate-heading-849169e17399baac6 uvc-4870 accent-title-color\" data-hspacer=\"no_spacer\"  data-halign=\"center\" style=\"text-align:center\"><div class=\"uvc-heading-spacer no_spacer\" style=\"top\"><\/div><div class=\"uvc-main-heading ult-responsive\"  data-ultimate-target='.uvc-heading.ultimate-heading-849169e17399baac6 h2'  data-responsive-json-new='{\"font-size\":\"desktop:40px;tablet_portrait:20px;\",\"line-height\":\"desktop:46px;tablet_portrait:26px;\"}' ><h2 style=\"font-family:&#039;Open Sans Condensed&#039;;font-weight:700;margin-bottom:10px;\">\u00a1Ap\u00farate! Cont\u00e1ctanos hoy y ten una<\/h2><\/div><div class=\"uvc-sub-heading ult-responsive\"  data-ultimate-target='.uvc-heading.ultimate-heading-849169e17399baac6 .uvc-sub-heading '  data-responsive-json-new='{\"font-size\":\"desktop:70px;tablet_portrait:40px;\",\"line-height\":\"desktop:76px;tablet_portrait:46px;\"}'  style=\"font-family:&#039;Open Sans Condensed&#039;;font-weight:700;color:#ffffff;\">PRIMERA CONSULTA GRATUITA<\/div><\/div><style type=\"text\/css\" data-type=\"the7_shortcodes-inline-css\">#default-btn-416e9b25d582a7bbca7f24406d9b7d98.ico-right-side > i {\n  margin-right: 0px;\n  margin-left: 8px;\n}\n#default-btn-416e9b25d582a7bbca7f24406d9b7d98 > i {\n  margin-right: 8px;\n}<\/style><div class=\"btn-align-center\"><a href=\"https:\/\/onestopmultiservicesga.com\/index.php\/es\/contacto\/\" class=\"default-btn-shortcode dt-btn dt-btn-l link-hover-off  vc_custom_1743837377310\" id=\"default-btn-416e9b25d582a7bbca7f24406d9b7d98\" style=\"width:400px;\" title=\"Contacto\"><span>AGENDA TU CONSULTA<\/span><\/a><\/div>[\/vc_column][\/vc_row][vc_row][vc_column][vc_gmaps link=&#8221;#E-8_JTNDaWZyYW1lJTIwc3JjJTNEJTIyaHR0cHMlM0ElMkYlMkZ3d3cuZ29vZ2xlLmNvbSUyRm1hcHMlMkZlbWJlZCUzRnBiJTNEJTIxMW0xOCUyMTFtMTIlMjExbTMlMjExZDM3OC44MjE3NDAyMTI1OTYyNCUyMTJkLTg0LjExNTQxNDY3MzQ5OTE3JTIxM2QzMy45MDQ1MDA1NjU0ODc5OCUyMTJtMyUyMTFmMCUyMTJmMCUyMTNmMCUyMTNtMiUyMTFpMTAyNCUyMTJpNzY4JTIxNGYxMy4xJTIxM20zJTIxMW0yJTIxMXMweDg4ZjVhNGI5MWRhNDIwODclMjUzQTB4YTkxYmRlZWU5ODkyZWYyOSUyMTJzT25lJTI1MjBTdG9wJTI1MjBNdWx0aXNlcnZpY2VzJTIxNWUwJTIxM20yJTIxMXNlcy00MTklMjEyc3ZlJTIxNHYxNzQzNDIwMDc3NDYxJTIxNW0yJTIxMXNlcy00MTklMjEyc3ZlJTIyJTIwd2lkdGglM0QlMjI2MDAlMjIlMjBoZWlnaHQlM0QlMjI0NTAlMjIlMjBzdHlsZSUzRCUyMmJvcmRlciUzQTAlM0IlMjIlMjBhbGxvd2Z1bGxzY3JlZW4lM0QlMjIlMjIlMjBsb2FkaW5nJTNEJTIybGF6eSUyMiUyMHJlZmVycmVycG9saWN5JTNEJTIybm8tcmVmZXJyZXItd2hlbi1kb3duZ3JhZGUlMjIlM0UlM0MlMkZpZnJhbWUlM0U=&#8221; css=&#8221;&#8221;][\/vc_column][\/vc_row]<\/p>\n<\/div>","protected":false},"excerpt":{"rendered":"<p>[vc_row type=&#8221;vc_default&#8221;][vc_column width=&#8221;1\/3&#8243; css=&#8221;.vc_custom_1743104543102{padding-bottom: 50px !important;}&#8221; offset=&#8221;vc_hidden-md vc_hidden-sm vc_hidden-xs&#8221;][vc_single_image image=&#8221;2794&#8243; img_size=&#8221;full&#8221; onclick=&#8221;custom_link&#8221; css=&#8221;&#8221; link=&#8221;https:\/\/onestopmultiservicesga.com\/index.php\/es\/contacto\/&#8221;][\/vc_column][vc_column width=&#8221;2\/3&#8243;][vc_column_text css=&#8221;&#8221;]En One Stop Multiservices, entendemos que la vida est\u00e1 llena de incertidumbres, y proteger a tus seres queridos, activos y futuro es una prioridad. Nuestros servicios de Seguro Personal est\u00e1n dise\u00f1ados para brindarte la protecci\u00f3n y tranquilidad que necesitas, para&hellip;<\/p>\n","protected":false},"author":1,"featured_media":0,"parent":0,"menu_order":100,"comment_status":"closed","ping_status":"closed","template":"","meta":{"footnotes":""},"class_list":["post-2405","page","type-page","status-publish","hentry","description-off"],"lang":"es","translations":{"es":2405},"pll_sync_post":[],"_links":{"self":[{"href":"https:\/\/onestopmultiservicesga.com\/index.php\/wp-json\/wp\/v2\/pages\/2405","targetHints":{"allow":["GET"]}}],"collection":[{"href":"https:\/\/onestopmultiservicesga.com\/index.php\/wp-json\/wp\/v2\/pages"}],"about":[{"href":"https:\/\/onestopmultiservicesga.com\/index.php\/wp-json\/wp\/v2\/types\/page"}],"author":[{"embeddable":true,"href":"https:\/\/onestopmultiservicesga.com\/index.php\/wp-json\/wp\/v2\/users\/1"}],"replies":[{"embeddable":true,"href":"https:\/\/onestopmultiservicesga.com\/index.php\/wp-json\/wp\/v2\/comments?post=2405"}],"version-history":[{"count":6,"href":"https:\/\/onestopmultiservicesga.com\/index.php\/wp-json\/wp\/v2\/pages\/2405\/revisions"}],"predecessor-version":[{"id":2820,"href":"https:\/\/onestopmultiservicesga.com\/index.php\/wp-json\/wp\/v2\/pages\/2405\/revisions\/2820"}],"wp:attachment":[{"href":"https:\/\/onestopmultiservicesga.com\/index.php\/wp-json\/wp\/v2\/media?parent=2405"}],"curies":[{"name":"wp","href":"https:\/\/api.w.org\/{rel}","templated":true}]}}