{"id":2404,"date":"2025-04-05T01:16:41","date_gmt":"2025-04-05T06:16:41","guid":{"rendered":"http:\/\/pkj.fd8.mytemp.website\/?page_id=2404"},"modified":"2026-02-16T19:02:46","modified_gmt":"2026-02-17T00:02:46","slug":"otros-servicios","status":"publish","type":"page","link":"https:\/\/onestopmultiservicesga.com\/index.php\/es\/otros-servicios\/","title":{"rendered":"Otros Servicios"},"content":{"rendered":"<div class=\"wpb-content-wrapper\"><p>[vc_row type=&#8221;vc_default&#8221;][vc_column width=&#8221;1\/3&#8243; css=&#8221;.vc_custom_1743104543102{padding-bottom: 50px !important;}&#8221; offset=&#8221;vc_hidden-md vc_hidden-sm vc_hidden-xs&#8221;][vc_single_image image=&#8221;2794&#8243; img_size=&#8221;full&#8221; onclick=&#8221;custom_link&#8221; css=&#8221;&#8221; link=&#8221;https:\/\/onestopmultiservicesga.com\/index.php\/es\/contacto\/&#8221;][\/vc_column][vc_column width=&#8221;2\/3&#8243;]<div id=\"ultimate-heading-83269e180f92ee4c\" class=\"uvc-heading ult-adjust-bottom-margin ultimate-heading-83269e180f92ee4c uvc-5551 \" data-hspacer=\"no_spacer\"  data-halign=\"left\" style=\"text-align:left\"><div class=\"uvc-heading-spacer no_spacer\" style=\"top\"><\/div><div class=\"uvc-main-heading ult-responsive\"  data-ultimate-target='.uvc-heading.ultimate-heading-83269e180f92ee4c h2'  data-responsive-json-new='{\"font-size\":\"desktop:26px;\",\"line-height\":\"desktop:32px;\"}' ><h2 style=\"font-weight:bold;margin-bottom:20px;\">Otros servicios que ofrecemos<\/h2><\/div><\/div>[vc_column_text css=&#8221;&#8221;]En One Stop Multiservices, ofrecemos una amplia gama de servicios dise\u00f1ados pensando en tu comodidad.<\/p>\n<p><strong>Impuestos<\/strong><br \/>\nTe acompa\u00f1amos en el proceso de declaraci\u00f3n de impuestos, incluyendo la gesti\u00f3n de tu Identificaci\u00f3n Fiscal (Tax ID) si necesitas ayuda para obtenerla.<\/p>\n<p><strong>Notar\u00eda y Documentos<\/strong><br \/>\nSomos notarios, por lo que puedes estar seguro de que tus documentos ser\u00e1n certificados, autenticados y firmados correctamente, evitando preocupaciones innecesarias.<\/p>\n<p><strong>Traducciones<\/strong><br \/>\n\u00a1Hablamos ingl\u00e9s! Obt\u00e9n tus traducciones formales y precisas en One Stop Multiservices para que puedas confiar en la calidad del resultado y evitar malentendidos.<\/p>\n<p><strong>Compromiso y Servicio Personalizado<\/strong><br \/>\nEn One Stop Multiservices, nuestro compromiso va m\u00e1s all\u00e1 de simplemente ofrecer un servicio. Priorizamos la atenci\u00f3n personalizada, trabajando estrechamente con nuestros clientes para comprender sus necesidades y desarrollar soluciones que aporten valor duradero. Nuestro equipo experto est\u00e1 listo para guiarte en cada paso, responder tus dudas y apoyarte en todo momento.<\/p>\n<p><strong>Fiabilidad, Accesibilidad y Confianza<\/strong><br \/>\nNos enfocamos en ofrecer servicios confiables, asequibles y de calidad, esforz\u00e1ndonos por ser tu aliado de confianza en cada servicio que brindamos.<\/p>\n<p>Explora nuestras opciones hoy mismo y descubre c\u00f3mo podemos ayudarte con soluciones eficientes y seguras. \u00a1Cont\u00e1ctanos![\/vc_column_text][\/vc_column][\/vc_row][vc_row bg_type=&#8221;bg_color&#8221; bg_override=&#8221;ex-full&#8221; type=&#8221;vc_default&#8221; css=&#8221;.vc_custom_1498753666903{padding-top: 60px !important;padding-bottom: 70px !important;}&#8221; bg_color_value=&#8221;#1f365c&#8221;][vc_column]<div id=\"ultimate-heading-229269e180f92eedb\" class=\"uvc-heading ult-adjust-bottom-margin ultimate-heading-229269e180f92eedb uvc-9862 accent-title-color\" data-hspacer=\"no_spacer\"  data-halign=\"center\" style=\"text-align:center\"><div class=\"uvc-heading-spacer no_spacer\" style=\"top\"><\/div><div class=\"uvc-main-heading ult-responsive\"  data-ultimate-target='.uvc-heading.ultimate-heading-229269e180f92eedb h2'  data-responsive-json-new='{\"font-size\":\"desktop:40px;tablet_portrait:20px;\",\"line-height\":\"desktop:46px;tablet_portrait:26px;\"}' ><h2 style=\"font-family:&#039;Open Sans Condensed&#039;;font-weight:700;margin-bottom:10px;\">\u00a1Ap\u00farate! Cont\u00e1ctanos hoy y ten una<\/h2><\/div><div class=\"uvc-sub-heading ult-responsive\"  data-ultimate-target='.uvc-heading.ultimate-heading-229269e180f92eedb .uvc-sub-heading '  data-responsive-json-new='{\"font-size\":\"desktop:70px;tablet_portrait:40px;\",\"line-height\":\"desktop:76px;tablet_portrait:46px;\"}'  style=\"font-family:&#039;Open Sans Condensed&#039;;font-weight:700;color:#ffffff;\">PRIMERA CONSULTA GRATUITA<\/div><\/div><style type=\"text\/css\" data-type=\"the7_shortcodes-inline-css\">#default-btn-416e9b25d582a7bbca7f24406d9b7d98.ico-right-side > i {\n  margin-right: 0px;\n  margin-left: 8px;\n}\n#default-btn-416e9b25d582a7bbca7f24406d9b7d98 > i {\n  margin-right: 8px;\n}<\/style><div class=\"btn-align-center\"><a href=\"https:\/\/onestopmultiservicesga.com\/index.php\/es\/contacto\/\" class=\"default-btn-shortcode dt-btn dt-btn-l link-hover-off  vc_custom_1743837377310\" id=\"default-btn-416e9b25d582a7bbca7f24406d9b7d98\" style=\"width:400px;\" title=\"Contacto\"><span>AGENDA TU CONSULTA<\/span><\/a><\/div>[\/vc_column][\/vc_row][vc_row][vc_column][vc_gmaps link=&#8221;#E-8_JTNDaWZyYW1lJTIwc3JjJTNEJTIyaHR0cHMlM0ElMkYlMkZ3d3cuZ29vZ2xlLmNvbSUyRm1hcHMlMkZlbWJlZCUzRnBiJTNEJTIxMW0xOCUyMTFtMTIlMjExbTMlMjExZDM3OC44MjE3NDAyMTI1OTYyNCUyMTJkLTg0LjExNTQxNDY3MzQ5OTE3JTIxM2QzMy45MDQ1MDA1NjU0ODc5OCUyMTJtMyUyMTFmMCUyMTJmMCUyMTNmMCUyMTNtMiUyMTFpMTAyNCUyMTJpNzY4JTIxNGYxMy4xJTIxM20zJTIxMW0yJTIxMXMweDg4ZjVhNGI5MWRhNDIwODclMjUzQTB4YTkxYmRlZWU5ODkyZWYyOSUyMTJzT25lJTI1MjBTdG9wJTI1MjBNdWx0aXNlcnZpY2VzJTIxNWUwJTIxM20yJTIxMXNlcy00MTklMjEyc3ZlJTIxNHYxNzQzNDIwMDc3NDYxJTIxNW0yJTIxMXNlcy00MTklMjEyc3ZlJTIyJTIwd2lkdGglM0QlMjI2MDAlMjIlMjBoZWlnaHQlM0QlMjI0NTAlMjIlMjBzdHlsZSUzRCUyMmJvcmRlciUzQTAlM0IlMjIlMjBhbGxvd2Z1bGxzY3JlZW4lM0QlMjIlMjIlMjBsb2FkaW5nJTNEJTIybGF6eSUyMiUyMHJlZmVycmVycG9saWN5JTNEJTIybm8tcmVmZXJyZXItd2hlbi1kb3duZ3JhZGUlMjIlM0UlM0MlMkZpZnJhbWUlM0U=&#8221; css=&#8221;&#8221;][\/vc_column][\/vc_row]<\/p>\n<\/div>","protected":false},"excerpt":{"rendered":"<p>[vc_row type=&#8221;vc_default&#8221;][vc_column width=&#8221;1\/3&#8243; css=&#8221;.vc_custom_1743104543102{padding-bottom: 50px !important;}&#8221; offset=&#8221;vc_hidden-md vc_hidden-sm vc_hidden-xs&#8221;][vc_single_image image=&#8221;2794&#8243; img_size=&#8221;full&#8221; onclick=&#8221;custom_link&#8221; css=&#8221;&#8221; link=&#8221;https:\/\/onestopmultiservicesga.com\/index.php\/es\/contacto\/&#8221;][\/vc_column][vc_column width=&#8221;2\/3&#8243;][vc_column_text css=&#8221;&#8221;]En One Stop Multiservices, ofrecemos una amplia gama de servicios dise\u00f1ados pensando en tu comodidad. Impuestos Te acompa\u00f1amos en el proceso de declaraci\u00f3n de impuestos, incluyendo la gesti\u00f3n de tu Identificaci\u00f3n Fiscal (Tax ID) si necesitas ayuda para obtenerla. Notar\u00eda&hellip;<\/p>\n","protected":false},"author":1,"featured_media":0,"parent":0,"menu_order":100,"comment_status":"closed","ping_status":"closed","template":"","meta":{"footnotes":""},"class_list":["post-2404","page","type-page","status-publish","hentry","description-off"],"lang":"es","translations":{"es":2404},"pll_sync_post":[],"_links":{"self":[{"href":"https:\/\/onestopmultiservicesga.com\/index.php\/wp-json\/wp\/v2\/pages\/2404","targetHints":{"allow":["GET"]}}],"collection":[{"href":"https:\/\/onestopmultiservicesga.com\/index.php\/wp-json\/wp\/v2\/pages"}],"about":[{"href":"https:\/\/onestopmultiservicesga.com\/index.php\/wp-json\/wp\/v2\/types\/page"}],"author":[{"embeddable":true,"href":"https:\/\/onestopmultiservicesga.com\/index.php\/wp-json\/wp\/v2\/users\/1"}],"replies":[{"embeddable":true,"href":"https:\/\/onestopmultiservicesga.com\/index.php\/wp-json\/wp\/v2\/comments?post=2404"}],"version-history":[{"count":6,"href":"https:\/\/onestopmultiservicesga.com\/index.php\/wp-json\/wp\/v2\/pages\/2404\/revisions"}],"predecessor-version":[{"id":2819,"href":"https:\/\/onestopmultiservicesga.com\/index.php\/wp-json\/wp\/v2\/pages\/2404\/revisions\/2819"}],"wp:attachment":[{"href":"https:\/\/onestopmultiservicesga.com\/index.php\/wp-json\/wp\/v2\/media?parent=2404"}],"curies":[{"name":"wp","href":"https:\/\/api.w.org\/{rel}","templated":true}]}}