{"id":2378,"date":"2025-04-05T00:09:10","date_gmt":"2025-04-05T05:09:10","guid":{"rendered":"http:\/\/pkj.fd8.mytemp.website\/?page_id=2378"},"modified":"2025-04-05T10:31:16","modified_gmt":"2025-04-05T15:31:16","slug":"poliza-de-propietario-de-empresa","status":"publish","type":"page","link":"https:\/\/onestopmultiservicesga.com\/index.php\/es\/poliza-de-propietario-de-empresa\/","title":{"rendered":"P\u00f3liza de Propietario de Empresa"},"content":{"rendered":"<div class=\"wpb-content-wrapper\"><p>[vc_row type=&#8221;vc_default&#8221;][vc_column width=&#8221;1\/3&#8243; css=&#8221;.vc_custom_1743104543102{padding-bottom: 50px !important;}&#8221; offset=&#8221;vc_hidden-md vc_hidden-sm vc_hidden-xs&#8221;][vc_single_image image=&#8221;2093&#8243; img_size=&#8221;full&#8221; onclick=&#8221;custom_link&#8221; css=&#8221;&#8221; link=&#8221;http:\/\/pkj.fd8.mytemp.website\/index.php\/es\/contacto\/&#8221;][\/vc_column][vc_column width=&#8221;2\/3&#8243;]<div id=\"ultimate-heading-846369e184690aa8f\" class=\"uvc-heading ult-adjust-bottom-margin ultimate-heading-846369e184690aa8f uvc-6962 \" data-hspacer=\"no_spacer\"  data-halign=\"left\" style=\"text-align:left\"><div class=\"uvc-heading-spacer no_spacer\" style=\"top\"><\/div><div class=\"uvc-main-heading ult-responsive\"  data-ultimate-target='.uvc-heading.ultimate-heading-846369e184690aa8f h2'  data-responsive-json-new='{\"font-size\":\"desktop:26px;\",\"line-height\":\"desktop:32px;\"}' ><h2 style=\"font-weight:bold;margin-bottom:20px;\">P\u00f3liza de Propietario de Empresa<\/h2><\/div><\/div>[vc_column_text css=&#8221;&#8221;]En One Stop Multiservices, ofrecemos una P\u00f3liza de Propietario de Empresa (BOP) dise\u00f1ada para satisfacer las necesidades \u00fanicas de peque\u00f1as y medianas empresas. Nuestra BOP combina coberturas esenciales, como seguro de propiedad y seguro de responsabilidad civil general, en un paquete conveniente que brinda protecci\u00f3n integral a tus operaciones comerciales.<\/p>\n<p><strong>Protecci\u00f3n de Propiedad<\/strong><br \/>\nCon el seguro de propiedad, tus activos f\u00edsicos\u2014como edificios, equipos e inventario\u2014est\u00e1n protegidos contra riesgos como incendios, robos o desastres naturales.<\/p>\n<p><strong>Cobertura de Responsabilidad Civil General<\/strong><br \/>\nEl seguro de responsabilidad civil general te protege contra reclamaciones legales derivadas de lesiones, da\u00f1os a la propiedad o problemas relacionados con publicidad.<\/p>\n<p><strong>Opciones Personalizables<\/strong><br \/>\nTambi\u00e9n ofrecemos opciones adicionales para mejorar tu cobertura, incluyendo seguro de interrupci\u00f3n de negocio, seguro de responsabilidad cibern\u00e9tica y m\u00e1s. Nuestro objetivo es brindarte tranquilidad, sabiendo que tu empresa est\u00e1 protegida contra desaf\u00edos inesperados.<\/p>\n<p>Elige One Stop Multiservices para soluciones de seguro confiables y asequibles que te permitan concentrarte en el crecimiento de tu negocio. \u00a1Cont\u00e1ctanos hoy mismo para obtener m\u00e1s informaci\u00f3n sobre nuestra BOP y c\u00f3mo podemos ayudarte a proteger tu empresa con confianza![\/vc_column_text][\/vc_column][\/vc_row][vc_row bg_type=&#8221;bg_color&#8221; bg_override=&#8221;ex-full&#8221; type=&#8221;vc_default&#8221; css=&#8221;.vc_custom_1498753666903{padding-top: 60px !important;padding-bottom: 70px !important;}&#8221; bg_color_value=&#8221;#1f365c&#8221;][vc_column]<div id=\"ultimate-heading-537769e184690ab37\" class=\"uvc-heading ult-adjust-bottom-margin ultimate-heading-537769e184690ab37 uvc-4140 accent-title-color\" data-hspacer=\"no_spacer\"  data-halign=\"center\" style=\"text-align:center\"><div class=\"uvc-heading-spacer no_spacer\" style=\"top\"><\/div><div class=\"uvc-main-heading ult-responsive\"  data-ultimate-target='.uvc-heading.ultimate-heading-537769e184690ab37 h2'  data-responsive-json-new='{\"font-size\":\"desktop:40px;tablet_portrait:20px;\",\"line-height\":\"desktop:46px;tablet_portrait:26px;\"}' ><h2 style=\"font-family:&#039;Open Sans Condensed&#039;;font-weight:700;margin-bottom:10px;\">\u00a1Ap\u00farate! Cont\u00e1ctanos hoy y ten una<\/h2><\/div><div class=\"uvc-sub-heading ult-responsive\"  data-ultimate-target='.uvc-heading.ultimate-heading-537769e184690ab37 .uvc-sub-heading '  data-responsive-json-new='{\"font-size\":\"desktop:70px;tablet_portrait:40px;\",\"line-height\":\"desktop:76px;tablet_portrait:46px;\"}'  style=\"font-family:&#039;Open Sans Condensed&#039;;font-weight:700;color:#ffffff;\">PRIMERA CONSULTA GRATUITA<\/div><\/div><style type=\"text\/css\" data-type=\"the7_shortcodes-inline-css\">#default-btn-6c83d972cdb95e37e5581e83cd2a2eee.ico-right-side > i {\n  margin-right: 0px;\n  margin-left: 8px;\n}\n#default-btn-6c83d972cdb95e37e5581e83cd2a2eee > i {\n  margin-right: 8px;\n}<\/style><div class=\"btn-align-center\"><a href=\"http:\/\/pkj.fd8.mytemp.website\/index.php\/es\/contacto\/\" class=\"default-btn-shortcode dt-btn dt-btn-l link-hover-off  vc_custom_1743837377310\" id=\"default-btn-6c83d972cdb95e37e5581e83cd2a2eee\" style=\"width:400px;\" title=\"Contacto\"><span>AGENDA TU CONSULTA<\/span><\/a><\/div>[\/vc_column][\/vc_row][vc_row][vc_column][vc_gmaps link=&#8221;#E-8_JTNDaWZyYW1lJTIwc3JjJTNEJTIyaHR0cHMlM0ElMkYlMkZ3d3cuZ29vZ2xlLmNvbSUyRm1hcHMlMkZlbWJlZCUzRnBiJTNEJTIxMW0xOCUyMTFtMTIlMjExbTMlMjExZDMzMDguNjU4MTg4OTcyODExMyUyMTJkLTgzLjc0MTAzODYlMjEzZDMzLjk3NTYyMzk5OTk5OTk5NiUyMTJtMyUyMTFmMCUyMTJmMCUyMTNmMCUyMTNtMiUyMTFpMTAyNCUyMTJpNzY4JTIxNGYxMy4xJTIxM20zJTIxMW0yJTIxMXMweDg4ZjVhNTNkNjRhYTA2NjUlMjUzQTB4MmU3YjFlNWY1YmM4ZGYxNiUyMTJzT25lJTI1MjBTdG9wJTI1MjBNdWx0aXNlcnZpY2VzJTIxNWUwJTIxM20yJTIxMXNlcy00MTklMjEyc3ZlJTIxNHYxNzQzNDIwMDc3NDYxJTIxNW0yJTIxMXNlcy00MTklMjEyc3ZlJTIyJTIwd2lkdGglM0QlMjI2MDAlMjIlMjBoZWlnaHQlM0QlMjI0NTAlMjIlMjBzdHlsZSUzRCUyMmJvcmRlciUzQTAlM0IlMjIlMjBhbGxvd2Z1bGxzY3JlZW4lM0QlMjIlMjIlMjBsb2FkaW5nJTNEJTIybGF6eSUyMiUyMHJlZmVycmVycG9saWN5JTNEJTIybm8tcmVmZXJyZXItd2hlbi1kb3duZ3JhZGUlMjIlM0UlM0MlMkZpZnJhbWUlM0U=&#8221; css=&#8221;&#8221;][\/vc_column][\/vc_row]<\/p>\n<\/div>","protected":false},"excerpt":{"rendered":"<p>[vc_row type=&#8221;vc_default&#8221;][vc_column width=&#8221;1\/3&#8243; css=&#8221;.vc_custom_1743104543102{padding-bottom: 50px !important;}&#8221; offset=&#8221;vc_hidden-md vc_hidden-sm vc_hidden-xs&#8221;][vc_single_image image=&#8221;2093&#8243; img_size=&#8221;full&#8221; onclick=&#8221;custom_link&#8221; css=&#8221;&#8221; link=&#8221;http:\/\/pkj.fd8.mytemp.website\/index.php\/es\/contacto\/&#8221;][\/vc_column][vc_column width=&#8221;2\/3&#8243;][vc_column_text css=&#8221;&#8221;]En One Stop Multiservices, ofrecemos una P\u00f3liza de Propietario de Empresa (BOP) dise\u00f1ada para satisfacer las necesidades \u00fanicas de peque\u00f1as y medianas empresas. Nuestra BOP combina coberturas esenciales, como seguro de propiedad y seguro de responsabilidad civil general, en un&hellip;<\/p>\n","protected":false},"author":1,"featured_media":0,"parent":0,"menu_order":100,"comment_status":"closed","ping_status":"closed","template":"","meta":{"footnotes":""},"class_list":["post-2378","page","type-page","status-publish","hentry","description-off"],"lang":"es","translations":{"es":2378},"pll_sync_post":[],"_links":{"self":[{"href":"https:\/\/onestopmultiservicesga.com\/index.php\/wp-json\/wp\/v2\/pages\/2378","targetHints":{"allow":["GET"]}}],"collection":[{"href":"https:\/\/onestopmultiservicesga.com\/index.php\/wp-json\/wp\/v2\/pages"}],"about":[{"href":"https:\/\/onestopmultiservicesga.com\/index.php\/wp-json\/wp\/v2\/types\/page"}],"author":[{"embeddable":true,"href":"https:\/\/onestopmultiservicesga.com\/index.php\/wp-json\/wp\/v2\/users\/1"}],"replies":[{"embeddable":true,"href":"https:\/\/onestopmultiservicesga.com\/index.php\/wp-json\/wp\/v2\/comments?post=2378"}],"version-history":[{"count":5,"href":"https:\/\/onestopmultiservicesga.com\/index.php\/wp-json\/wp\/v2\/pages\/2378\/revisions"}],"predecessor-version":[{"id":2573,"href":"https:\/\/onestopmultiservicesga.com\/index.php\/wp-json\/wp\/v2\/pages\/2378\/revisions\/2573"}],"wp:attachment":[{"href":"https:\/\/onestopmultiservicesga.com\/index.php\/wp-json\/wp\/v2\/media?parent=2378"}],"curies":[{"name":"wp","href":"https:\/\/api.w.org\/{rel}","templated":true}]}}