{"id":2374,"date":"2025-04-05T00:08:00","date_gmt":"2025-04-05T05:08:00","guid":{"rendered":"http:\/\/pkj.fd8.mytemp.website\/?page_id=2374"},"modified":"2025-04-05T10:34:17","modified_gmt":"2025-04-05T15:34:17","slug":"seguro-comercial-de-automovil","status":"publish","type":"page","link":"https:\/\/onestopmultiservicesga.com\/index.php\/es\/seguro-comercial-de-automovil\/","title":{"rendered":"Seguro Comercial de Automovil"},"content":{"rendered":"<div class=\"wpb-content-wrapper\"><p>[vc_row type=&#8221;vc_default&#8221;][vc_column width=&#8221;1\/3&#8243; css=&#8221;.vc_custom_1743104543102{padding-bottom: 50px !important;}&#8221; offset=&#8221;vc_hidden-md vc_hidden-sm vc_hidden-xs&#8221;][vc_single_image image=&#8221;2093&#8243; img_size=&#8221;full&#8221; onclick=&#8221;custom_link&#8221; css=&#8221;&#8221; link=&#8221;http:\/\/pkj.fd8.mytemp.website\/index.php\/es\/contacto\/&#8221;][\/vc_column][vc_column width=&#8221;2\/3&#8243;]<div id=\"ultimate-heading-881769e173531083f\" class=\"uvc-heading ult-adjust-bottom-margin ultimate-heading-881769e173531083f uvc-2434 \" data-hspacer=\"no_spacer\"  data-halign=\"left\" style=\"text-align:left\"><div class=\"uvc-heading-spacer no_spacer\" style=\"top\"><\/div><div class=\"uvc-main-heading ult-responsive\"  data-ultimate-target='.uvc-heading.ultimate-heading-881769e173531083f h2'  data-responsive-json-new='{\"font-size\":\"desktop:26px;\",\"line-height\":\"desktop:32px;\"}' ><h2 style=\"font-weight:bold;margin-bottom:20px;\">Seguro Comercial de Automovil<\/h2><\/div><\/div>[vc_column_text css=&#8221;&#8221;]En One Stop Multiservices, nos especializamos en Seguro Comercial de Autom\u00f3vil para proteger los veh\u00edculos de tu empresa y garantizar la continuidad operativa. Ya sea que administres una flota o utilices un solo veh\u00edculo para fines comerciales, nuestra cobertura personalizada ofrece soluciones integrales dise\u00f1adas para empresas de todos los tama\u00f1os e industrias.<\/p>\n<p><strong>Protecci\u00f3n integral<\/strong><br \/>\nNuestras p\u00f3lizas cubren una amplia variedad de riesgos, incluyendo accidentes, robos, desastres naturales y vandalismo. Esto significa que tus veh\u00edculos\u2014y el \u00e9xito de tu negocio\u2014est\u00e1n protegidos contra imprevistos.<\/p>\n<p><strong>Cobertura de responsabilidad civil<\/strong><br \/>\nSi tu veh\u00edculo comercial est\u00e1 involucrado en un accidente que cause da\u00f1os a otro autom\u00f3vil, propiedad o persona, nuestro seguro de responsabilidad civil se encarga de las implicaciones financieras y legales, minimizando interrupciones en tus operaciones.<\/p>\n<p><strong>Cobertura de da\u00f1os f\u00edsicos<\/strong><br \/>\nOfrecemos cobertura de colisi\u00f3n y protecci\u00f3n integral para reparaciones o reemplazos de tus veh\u00edculos comerciales en caso de accidente, sin importar qui\u00e9n tenga la culpa. Es tu red de seguridad para que tus veh\u00edculos vuelvan a la carretera sin demoras.<\/p>\n<p><strong>Opciones especializadas<\/strong><br \/>\nYa sea que necesites cobertura para veh\u00edculos alquilados o no propios, remolques o carga, contamos con opciones dise\u00f1adas para las demandas espec\u00edficas de tu negocio. La flexibilidad en la cobertura te permite enfocarte en el crecimiento sin preocuparte por imprevistos.<\/p>\n<p><strong>Planes rentables<\/strong><br \/>\nSabemos que dirigir un negocio es un desaf\u00edo y entendemos la importancia de equilibrar costos. Por ello, trabajamos para ofrecer planes de seguro competitivos y accesibles sin comprometer la calidad.<\/p>\n<p>En One Stop Multiservices, estamos comprometidos con brindar un servicio excepcional y asesor\u00eda personalizada. Nuestro equipo experimentado te acompa\u00f1a en cada paso, ayud\u00e1ndote a elegir el plan adecuado y garantizando la protecci\u00f3n de tus veh\u00edculos comerciales.<\/p>\n<p>Con el Seguro Comercial de Autom\u00f3vil, puedes impulsar tu negocio con confianza y tranquilidad. Perm\u00edtenos ayudarte a asegurar un futuro m\u00e1s seguro y exitoso para tu empresa.[\/vc_column_text][\/vc_column][\/vc_row][vc_row bg_type=&#8221;bg_color&#8221; bg_override=&#8221;ex-full&#8221; type=&#8221;vc_default&#8221; css=&#8221;.vc_custom_1498753666903{padding-top: 60px !important;padding-bottom: 70px !important;}&#8221; bg_color_value=&#8221;#1f365c&#8221;][vc_column]<div id=\"ultimate-heading-153869e1735310959\" class=\"uvc-heading ult-adjust-bottom-margin ultimate-heading-153869e1735310959 uvc-3929 accent-title-color\" data-hspacer=\"no_spacer\"  data-halign=\"center\" style=\"text-align:center\"><div class=\"uvc-heading-spacer no_spacer\" style=\"top\"><\/div><div class=\"uvc-main-heading ult-responsive\"  data-ultimate-target='.uvc-heading.ultimate-heading-153869e1735310959 h2'  data-responsive-json-new='{\"font-size\":\"desktop:40px;tablet_portrait:20px;\",\"line-height\":\"desktop:46px;tablet_portrait:26px;\"}' ><h2 style=\"font-family:&#039;Open Sans Condensed&#039;;font-weight:700;margin-bottom:10px;\">\u00a1Ap\u00farate! Cont\u00e1ctanos hoy y ten una<\/h2><\/div><div class=\"uvc-sub-heading ult-responsive\"  data-ultimate-target='.uvc-heading.ultimate-heading-153869e1735310959 .uvc-sub-heading '  data-responsive-json-new='{\"font-size\":\"desktop:70px;tablet_portrait:40px;\",\"line-height\":\"desktop:76px;tablet_portrait:46px;\"}'  style=\"font-family:&#039;Open Sans Condensed&#039;;font-weight:700;color:#ffffff;\">PRIMERA CONSULTA GRATUITA<\/div><\/div><style type=\"text\/css\" data-type=\"the7_shortcodes-inline-css\">#default-btn-6c83d972cdb95e37e5581e83cd2a2eee.ico-right-side > i {\n  margin-right: 0px;\n  margin-left: 8px;\n}\n#default-btn-6c83d972cdb95e37e5581e83cd2a2eee > i {\n  margin-right: 8px;\n}<\/style><div class=\"btn-align-center\"><a href=\"http:\/\/pkj.fd8.mytemp.website\/index.php\/es\/contacto\/\" class=\"default-btn-shortcode dt-btn dt-btn-l link-hover-off  vc_custom_1743837377310\" id=\"default-btn-6c83d972cdb95e37e5581e83cd2a2eee\" style=\"width:400px;\" title=\"Contacto\"><span>AGENDA TU CONSULTA<\/span><\/a><\/div>[\/vc_column][\/vc_row][vc_row][vc_column][vc_gmaps link=&#8221;#E-8_JTNDaWZyYW1lJTIwc3JjJTNEJTIyaHR0cHMlM0ElMkYlMkZ3d3cuZ29vZ2xlLmNvbSUyRm1hcHMlMkZlbWJlZCUzRnBiJTNEJTIxMW0xOCUyMTFtMTIlMjExbTMlMjExZDMzMDguNjU4MTg4OTcyODExMyUyMTJkLTgzLjc0MTAzODYlMjEzZDMzLjk3NTYyMzk5OTk5OTk5NiUyMTJtMyUyMTFmMCUyMTJmMCUyMTNmMCUyMTNtMiUyMTFpMTAyNCUyMTJpNzY4JTIxNGYxMy4xJTIxM20zJTIxMW0yJTIxMXMweDg4ZjVhNTNkNjRhYTA2NjUlMjUzQTB4MmU3YjFlNWY1YmM4ZGYxNiUyMTJzT25lJTI1MjBTdG9wJTI1MjBNdWx0aXNlcnZpY2VzJTIxNWUwJTIxM20yJTIxMXNlcy00MTklMjEyc3ZlJTIxNHYxNzQzNDIwMDc3NDYxJTIxNW0yJTIxMXNlcy00MTklMjEyc3ZlJTIyJTIwd2lkdGglM0QlMjI2MDAlMjIlMjBoZWlnaHQlM0QlMjI0NTAlMjIlMjBzdHlsZSUzRCUyMmJvcmRlciUzQTAlM0IlMjIlMjBhbGxvd2Z1bGxzY3JlZW4lM0QlMjIlMjIlMjBsb2FkaW5nJTNEJTIybGF6eSUyMiUyMHJlZmVycmVycG9saWN5JTNEJTIybm8tcmVmZXJyZXItd2hlbi1kb3duZ3JhZGUlMjIlM0UlM0MlMkZpZnJhbWUlM0U=&#8221; css=&#8221;&#8221;][\/vc_column][\/vc_row]<\/p>\n<\/div>","protected":false},"excerpt":{"rendered":"<p>[vc_row type=&#8221;vc_default&#8221;][vc_column width=&#8221;1\/3&#8243; css=&#8221;.vc_custom_1743104543102{padding-bottom: 50px !important;}&#8221; offset=&#8221;vc_hidden-md vc_hidden-sm vc_hidden-xs&#8221;][vc_single_image image=&#8221;2093&#8243; img_size=&#8221;full&#8221; onclick=&#8221;custom_link&#8221; css=&#8221;&#8221; link=&#8221;http:\/\/pkj.fd8.mytemp.website\/index.php\/es\/contacto\/&#8221;][\/vc_column][vc_column width=&#8221;2\/3&#8243;][vc_column_text css=&#8221;&#8221;]En One Stop Multiservices, nos especializamos en Seguro Comercial de Autom\u00f3vil para proteger los veh\u00edculos de tu empresa y garantizar la continuidad operativa. Ya sea que administres una flota o utilices un solo veh\u00edculo para fines comerciales, nuestra cobertura personalizada&hellip;<\/p>\n","protected":false},"author":1,"featured_media":0,"parent":0,"menu_order":100,"comment_status":"closed","ping_status":"closed","template":"","meta":{"footnotes":""},"class_list":["post-2374","page","type-page","status-publish","hentry","description-off"],"lang":"es","translations":{"es":2374},"pll_sync_post":[],"_links":{"self":[{"href":"https:\/\/onestopmultiservicesga.com\/index.php\/wp-json\/wp\/v2\/pages\/2374","targetHints":{"allow":["GET"]}}],"collection":[{"href":"https:\/\/onestopmultiservicesga.com\/index.php\/wp-json\/wp\/v2\/pages"}],"about":[{"href":"https:\/\/onestopmultiservicesga.com\/index.php\/wp-json\/wp\/v2\/types\/page"}],"author":[{"embeddable":true,"href":"https:\/\/onestopmultiservicesga.com\/index.php\/wp-json\/wp\/v2\/users\/1"}],"replies":[{"embeddable":true,"href":"https:\/\/onestopmultiservicesga.com\/index.php\/wp-json\/wp\/v2\/comments?post=2374"}],"version-history":[{"count":5,"href":"https:\/\/onestopmultiservicesga.com\/index.php\/wp-json\/wp\/v2\/pages\/2374\/revisions"}],"predecessor-version":[{"id":2577,"href":"https:\/\/onestopmultiservicesga.com\/index.php\/wp-json\/wp\/v2\/pages\/2374\/revisions\/2577"}],"wp:attachment":[{"href":"https:\/\/onestopmultiservicesga.com\/index.php\/wp-json\/wp\/v2\/media?parent=2374"}],"curies":[{"name":"wp","href":"https:\/\/api.w.org\/{rel}","templated":true}]}}