{"id":2275,"date":"2025-04-03T12:46:59","date_gmt":"2025-04-03T17:46:59","guid":{"rendered":"http:\/\/pkj.fd8.mytemp.website\/?page_id=2275"},"modified":"2026-02-16T19:11:22","modified_gmt":"2026-02-17T00:11:22","slug":"servicios","status":"publish","type":"page","link":"https:\/\/onestopmultiservicesga.com\/index.php\/es\/servicios\/","title":{"rendered":"Servicios"},"content":{"rendered":"<div class=\"wpb-content-wrapper\"><p>[vc_row type=&#8221;vc_default&#8221;][vc_column width=&#8221;1\/2&#8243; css=&#8221;.vc_custom_1498211177630{padding-bottom: 50px !important;}&#8221;]<style type=\"text\/css\" data-type=\"the7_shortcodes-inline-css\">.shortcode-single-image-wrap.shortcode-single-image-ef3581d82d735f97949fe649d0708246.enable-bg-rollover .rollover i,\n.shortcode-single-image-wrap.shortcode-single-image-ef3581d82d735f97949fe649d0708246.enable-bg-rollover .rollover-video i {\n  background: -webkit-linear-gradient();\n  background: linear-gradient();\n}\n.shortcode-single-image-wrap.shortcode-single-image-ef3581d82d735f97949fe649d0708246 .rollover-icon {\n  font-size: 32px;\n  color: #ffffff;\n  min-width: 44px;\n  min-height: 44px;\n  line-height: 44px;\n  border-radius: 100px;\n  border-style: solid;\n  border-width: 0px;\n}\n.dt-icon-bg-on.shortcode-single-image-wrap.shortcode-single-image-ef3581d82d735f97949fe649d0708246 .rollover-icon {\n  background: rgba(255,255,255,0.3);\n  box-shadow: none;\n}<\/style><div class=\"shortcode-single-image-wrap shortcode-single-image-ef3581d82d735f97949fe649d0708246 alignnone  vc_custom_1743836449446 enable-bg-rollover dt-icon-bg-off\" ><div class=\"shortcode-single-image\"><div class=\"fancy-media-wrap\" style=\"border-radius:500px;\"><a href=\"https:\/\/onestopmultiservicesga.com\/index.php\/es\/seguros-personales\/\" class=\" layzr-bg rollover\" style=\"border-radius:500px;\" aria-label=\"Image\"><img decoding=\"async\" class=\"preload-me lazy-load aspect\" src=\"data:image\/svg+xml,%3Csvg%20xmlns%3D&#39;http%3A%2F%2Fwww.w3.org%2F2000%2Fsvg&#39;%20viewBox%3D&#39;0%200%20220%20220&#39;%2F%3E\" data-src=\"https:\/\/onestopmultiservicesga.com\/wp-content\/uploads\/2025\/03\/Personal-insurance-220x220.jpeg\" data-srcset=\"https:\/\/onestopmultiservicesga.com\/wp-content\/uploads\/2025\/03\/Personal-insurance-220x220.jpeg 220w, https:\/\/onestopmultiservicesga.com\/wp-content\/uploads\/2025\/03\/Personal-insurance-365x365.jpeg 365w\" loading=\"eager\" style=\"--ratio: 220 \/ 220\" sizes=\"(max-width: 220px) 100vw, 220px\" width=\"220\" height=\"220\"  data-dt-location=\"https:\/\/onestopmultiservicesga.com\/index.php\/services\/personal-insurance\/\" alt=\"\" \/><\/a><\/div><\/div><\/div><span id=\"creative-link-wrap-2554\" class=\"ult_main_cl ult-adjust-bottom-margin  \" >\n\t \t\t\t<span class=\"  ult_crlink\" >\n\t\t\t\t\t<a  data-ultimate-target='#creative-link-wrap-2554 .ult_colorlink'  data-responsive-json-new='{\"font-size\":\"desktop:26px;\",\"line-height\":\"desktop:32px;\"}'  href=\"https:\/\/onestopmultiservicesga.com\/index.php\/es\/seguros-personales\/\" title=\"Personal Insurance\"  class=\"ult_colorlink ult-responsive  vc_custom_1743701979877\" style=\"font-family:Open Sans Condensed;font-weight:700; \"  data-textcolor=\"#1f365c\" data-texthover=\"#ffb536\"data-style=\"\">\n\t\t\t\t\t\t\n\t\t\t\t\t\t<span data-hover=\"Seguros Personales\" style=\"color:#1f365c;;;\" class=\"ult_btn10_span   \">Seguros Personales<\/span>\n\t\t\t\t\t\t\n\t\t\t\t\t<\/a>\n\t\t\t\t<\/span>\n\t\t\t<\/span>[vc_column_text css=&#8221;.vc_custom_1743702017692{margin-top: -40px !important;}&#8221;]<\/p>\n<p style=\"text-align: center;\">Los seguros personales ofrecen protecci\u00f3n financiera contra eventos inesperados, cubriendo salud, vida, propiedad, y m\u00e1s para asegurar tu futuro.<\/p>\n<p>[\/vc_column_text]<style type=\"text\/css\" data-type=\"the7_shortcodes-inline-css\">.shortcode-single-image-wrap.shortcode-single-image-38b48aaa627d35905c1022690b92a1b4.enable-bg-rollover .rollover i,\n.shortcode-single-image-wrap.shortcode-single-image-38b48aaa627d35905c1022690b92a1b4.enable-bg-rollover .rollover-video i {\n  background: -webkit-linear-gradient();\n  background: linear-gradient();\n}\n.shortcode-single-image-wrap.shortcode-single-image-38b48aaa627d35905c1022690b92a1b4 .rollover-icon {\n  font-size: 32px;\n  color: #ffffff;\n  min-width: 44px;\n  min-height: 44px;\n  line-height: 44px;\n  border-radius: 100px;\n  border-style: solid;\n  border-width: 0px;\n}\n.dt-icon-bg-on.shortcode-single-image-wrap.shortcode-single-image-38b48aaa627d35905c1022690b92a1b4 .rollover-icon {\n  background: rgba(255,255,255,0.3);\n  box-shadow: none;\n}<\/style><div class=\"shortcode-single-image-wrap shortcode-single-image-38b48aaa627d35905c1022690b92a1b4 alignnone  vc_custom_1743836557630 enable-bg-rollover dt-icon-bg-off\" ><div class=\"shortcode-single-image\"><div class=\"fancy-media-wrap\" style=\"border-radius:500px;\"><a href=\"https:\/\/onestopmultiservicesga.com\/index.php\/es\/seguro-comercial\/\" class=\" layzr-bg rollover\" style=\"border-radius:500px;\" aria-label=\"Image\"><img decoding=\"async\" class=\"preload-me lazy-load aspect\" src=\"data:image\/svg+xml,%3Csvg%20xmlns%3D&#39;http%3A%2F%2Fwww.w3.org%2F2000%2Fsvg&#39;%20viewBox%3D&#39;0%200%20220%20220&#39;%2F%3E\" data-src=\"https:\/\/onestopmultiservicesga.com\/wp-content\/uploads\/2025\/03\/Commercial-Insurance-220x220.jpeg\" data-srcset=\"https:\/\/onestopmultiservicesga.com\/wp-content\/uploads\/2025\/03\/Commercial-Insurance-220x220.jpeg 220w, https:\/\/onestopmultiservicesga.com\/wp-content\/uploads\/2025\/03\/Commercial-Insurance-306x306.jpeg 306w\" loading=\"eager\" style=\"--ratio: 220 \/ 220\" sizes=\"(max-width: 220px) 100vw, 220px\" width=\"220\" height=\"220\"  data-dt-location=\"https:\/\/onestopmultiservicesga.com\/index.php\/services\/commercial-insurance-2\/\" alt=\"\" \/><\/a><\/div><\/div><\/div><span id=\"creative-link-wrap-2648\" class=\"ult_main_cl ult-adjust-bottom-margin  \" >\n\t \t\t\t<span class=\"  ult_crlink\" >\n\t\t\t\t\t<a  data-ultimate-target='#creative-link-wrap-2648 .ult_colorlink'  data-responsive-json-new='{\"font-size\":\"desktop:26px;\",\"line-height\":\"desktop:32px;\"}'  href=\"https:\/\/onestopmultiservicesga.com\/index.php\/es\/seguro-comercial\/\" title=\"Seguros Comerciales\"  class=\"ult_colorlink ult-responsive  vc_custom_1743836575613\" style=\"font-family:Open Sans Condensed;font-weight:700; \"  data-textcolor=\"#1f365c\" data-texthover=\"#ffb536\"data-style=\"\">\n\t\t\t\t\t\t\n\t\t\t\t\t\t<span data-hover=\"Seguros Comerciales\" style=\"color:#1f365c;;;\" class=\"ult_btn10_span   \">Seguros Comerciales<\/span>\n\t\t\t\t\t\t\n\t\t\t\t\t<\/a>\n\t\t\t\t<\/span>\n\t\t\t<\/span>[vc_column_text css=&#8221;.vc_custom_1743702124128{margin-top: -40px !important;}&#8221;]<\/p>\n<p style=\"text-align: center;\">Los seguros comerciales protegen a los negocios de riesgos financieros, cubriendo propiedades, responsabilidad, y asuntos relacionados a empleados para asegurar la estabilidad y crecimiento del negocio.<\/p>\n<p>[\/vc_column_text][\/vc_column][vc_column width=&#8221;1\/2&#8243; css=&#8221;.vc_custom_1498211173058{padding-bottom: 50px !important;}&#8221;]<style type=\"text\/css\" data-type=\"the7_shortcodes-inline-css\">.shortcode-single-image-wrap.shortcode-single-image-5d77a47dd677f29ac8675fcc5d4da331.enable-bg-rollover .rollover i,\n.shortcode-single-image-wrap.shortcode-single-image-5d77a47dd677f29ac8675fcc5d4da331.enable-bg-rollover .rollover-video i {\n  background: -webkit-linear-gradient();\n  background: linear-gradient();\n}\n.shortcode-single-image-wrap.shortcode-single-image-5d77a47dd677f29ac8675fcc5d4da331 .rollover-icon {\n  font-size: 32px;\n  color: #ffffff;\n  min-width: 44px;\n  min-height: 44px;\n  line-height: 44px;\n  border-radius: 100px;\n  border-style: solid;\n  border-width: 0px;\n}\n.dt-icon-bg-on.shortcode-single-image-wrap.shortcode-single-image-5d77a47dd677f29ac8675fcc5d4da331 .rollover-icon {\n  background: rgba(255,255,255,0.3);\n  box-shadow: none;\n}<\/style><div class=\"shortcode-single-image-wrap shortcode-single-image-5d77a47dd677f29ac8675fcc5d4da331 alignnone  vc_custom_1743836489078 enable-bg-rollover dt-icon-bg-off\" ><div class=\"shortcode-single-image\"><div class=\"fancy-media-wrap\" style=\"border-radius:500px;\"><a href=\"https:\/\/onestopmultiservicesga.com\/index.php\/es\/impuestos\/\" class=\" layzr-bg rollover\" style=\"border-radius:500px;\" aria-label=\"Image\"><img decoding=\"async\" class=\"preload-me lazy-load aspect\" src=\"data:image\/svg+xml,%3Csvg%20xmlns%3D&#39;http%3A%2F%2Fwww.w3.org%2F2000%2Fsvg&#39;%20viewBox%3D&#39;0%200%20220%20220&#39;%2F%3E\" data-src=\"https:\/\/onestopmultiservicesga.com\/wp-content\/uploads\/2025\/03\/Taxes-220x220.jpeg\" data-srcset=\"https:\/\/onestopmultiservicesga.com\/wp-content\/uploads\/2025\/03\/Taxes-220x220.jpeg 220w, https:\/\/onestopmultiservicesga.com\/wp-content\/uploads\/2025\/03\/Taxes-440x440.jpeg 440w\" loading=\"eager\" style=\"--ratio: 220 \/ 220\" sizes=\"(max-width: 220px) 100vw, 220px\" width=\"220\" height=\"220\"  data-dt-location=\"https:\/\/onestopmultiservicesga.com\/index.php\/services\/taxes\/\" alt=\"\" \/><\/a><\/div><\/div><\/div><span id=\"creative-link-wrap-1822\" class=\"ult_main_cl ult-adjust-bottom-margin  \" >\n\t \t\t\t<span class=\"  ult_crlink\" >\n\t\t\t\t\t<a  data-ultimate-target='#creative-link-wrap-1822 .ult_colorlink'  data-responsive-json-new='{\"font-size\":\"desktop:26px;\",\"line-height\":\"desktop:32px;\"}'  href=\"https:\/\/onestopmultiservicesga.com\/index.php\/es\/impuestos\/\" title=\"Impuestos\"  class=\"ult_colorlink ult-responsive  vc_custom_1743836501572\" style=\"font-family:Open Sans Condensed;font-weight:700; \"  data-textcolor=\"#1f365c\" data-texthover=\"#ffb536\"data-style=\"\">\n\t\t\t\t\t\t\n\t\t\t\t\t\t<span data-hover=\"Impuestos\" style=\"color:#1f365c;;;\" class=\"ult_btn10_span   \">Impuestos<\/span>\n\t\t\t\t\t\t\n\t\t\t\t\t<\/a>\n\t\t\t\t<\/span>\n\t\t\t<\/span>[vc_column_text css=&#8221;.vc_custom_1743702070401{margin-top: -40px !important;}&#8221;]<\/p>\n<p style=\"text-align: center;\">Los impuestos son contribuciones financieras obligatorias impuestas por los gobiernos para financiar los servicios p\u00fablicos, infraestructura, y el desarrollo social, asegurando el bienestar de las comunidades. Adquiere tu Tax ID aqu\u00ed con nosotros.<\/p>\n<p>[\/vc_column_text]<style type=\"text\/css\" data-type=\"the7_shortcodes-inline-css\">.shortcode-single-image-wrap.shortcode-single-image-194b80a003217cb356019150968ae77e.enable-bg-rollover .rollover i,\n.shortcode-single-image-wrap.shortcode-single-image-194b80a003217cb356019150968ae77e.enable-bg-rollover .rollover-video i {\n  background: -webkit-linear-gradient();\n  background: linear-gradient();\n}\n.shortcode-single-image-wrap.shortcode-single-image-194b80a003217cb356019150968ae77e .rollover-icon {\n  font-size: 32px;\n  color: #ffffff;\n  min-width: 44px;\n  min-height: 44px;\n  line-height: 44px;\n  border-radius: 100px;\n  border-style: solid;\n  border-width: 0px;\n}\n.dt-icon-bg-on.shortcode-single-image-wrap.shortcode-single-image-194b80a003217cb356019150968ae77e .rollover-icon {\n  background: rgba(255,255,255,0.3);\n  box-shadow: none;\n}<\/style><div class=\"shortcode-single-image-wrap shortcode-single-image-194b80a003217cb356019150968ae77e alignnone  vc_custom_1743836537862 enable-bg-rollover dt-icon-bg-off\" ><div class=\"shortcode-single-image\"><div class=\"fancy-media-wrap\" style=\"border-radius:500px;\"><a href=\"https:\/\/onestopmultiservicesga.com\/index.php\/es\/notaria-y-documentos\/\" class=\" layzr-bg rollover\" style=\"border-radius:500px;\" aria-label=\"Image\"><img decoding=\"async\" class=\"preload-me lazy-load aspect\" src=\"data:image\/svg+xml,%3Csvg%20xmlns%3D&#39;http%3A%2F%2Fwww.w3.org%2F2000%2Fsvg&#39;%20viewBox%3D&#39;0%200%20220%20220&#39;%2F%3E\" data-src=\"https:\/\/onestopmultiservicesga.com\/wp-content\/uploads\/2025\/03\/Documents-220x220.jpeg\" data-srcset=\"https:\/\/onestopmultiservicesga.com\/wp-content\/uploads\/2025\/03\/Documents-220x220.jpeg 220w, https:\/\/onestopmultiservicesga.com\/wp-content\/uploads\/2025\/03\/Documents-316x316.jpeg 316w\" loading=\"eager\" style=\"--ratio: 220 \/ 220\" sizes=\"(max-width: 220px) 100vw, 220px\" width=\"220\" height=\"220\"  data-dt-location=\"https:\/\/onestopmultiservicesga.com\/index.php\/services\/documents\/\" alt=\"\" \/><\/a><\/div><\/div><\/div><span id=\"creative-link-wrap-8008\" class=\"ult_main_cl ult-adjust-bottom-margin  \" >\n\t \t\t\t<span class=\"  ult_crlink\" >\n\t\t\t\t\t<a  data-ultimate-target='#creative-link-wrap-8008 .ult_colorlink'  data-responsive-json-new='{\"font-size\":\"desktop:26px;\",\"line-height\":\"desktop:32px;\"}'  href=\"https:\/\/onestopmultiservicesga.com\/index.php\/es\/notaria-y-documentos\/\" title=\"Notar\u00eda y Documentos\"  class=\"ult_colorlink ult-responsive  vc_custom_1743836531373\" style=\"font-family:Open Sans Condensed;font-weight:700; \"  data-textcolor=\"#213962\" data-texthover=\"#ffb536\"data-style=\"\">\n\t\t\t\t\t\t\n\t\t\t\t\t\t<span data-hover=\"Notar\u00eda y Documentos\" style=\"color:#213962;;;\" class=\"ult_btn10_span   \">Notar\u00eda y Documentos<\/span>\n\t\t\t\t\t\t\n\t\t\t\t\t<\/a>\n\t\t\t\t<\/span>\n\t\t\t<\/span>[vc_column_text css=&#8221;.vc_custom_1743702166497{margin-top: -40px !important;}&#8221;]<\/p>\n<p style=\"text-align: center;\">Somos notarios, verificamos y autenticamos documentos legales importantes, asegurando s legitimidad y protegiendo a las partes involucradas en acuerdos y transacciones.<\/p>\n<p>[\/vc_column_text][\/vc_column][\/vc_row][vc_row type=&#8221;vc_default&#8221; css=&#8221;.vc_custom_1498212582492{padding-bottom: 20px !important;}&#8221;][vc_column width=&#8221;1\/2&#8243; css=&#8221;.vc_custom_1498211177630{padding-bottom: 50px !important;}&#8221;]<style type=\"text\/css\" data-type=\"the7_shortcodes-inline-css\">.shortcode-single-image-wrap.shortcode-single-image-010315ee594b044517caec91cc5d8e78.enable-bg-rollover .rollover i,\n.shortcode-single-image-wrap.shortcode-single-image-010315ee594b044517caec91cc5d8e78.enable-bg-rollover .rollover-video i {\n  background: -webkit-linear-gradient();\n  background: linear-gradient();\n}\n.shortcode-single-image-wrap.shortcode-single-image-010315ee594b044517caec91cc5d8e78 .rollover-icon {\n  font-size: 32px;\n  color: #ffffff;\n  min-width: 44px;\n  min-height: 44px;\n  line-height: 44px;\n  border-radius: 100px;\n  border-style: solid;\n  border-width: 0px;\n}\n.dt-icon-bg-on.shortcode-single-image-wrap.shortcode-single-image-010315ee594b044517caec91cc5d8e78 .rollover-icon {\n  background: rgba(255,255,255,0.3);\n  box-shadow: none;\n}<\/style><div class=\"shortcode-single-image-wrap shortcode-single-image-010315ee594b044517caec91cc5d8e78 alignnone  vc_custom_1743836590495 enable-bg-rollover dt-icon-bg-off\" ><div class=\"shortcode-single-image\"><div class=\"fancy-media-wrap\" style=\"border-radius:500px;\"><a href=\"https:\/\/onestopmultiservicesga.com\/index.php\/es\/traducciones\/\" class=\" layzr-bg rollover\" style=\"border-radius:500px;\" aria-label=\"Image\"><img decoding=\"async\" class=\"preload-me lazy-load aspect\" src=\"data:image\/svg+xml,%3Csvg%20xmlns%3D&#39;http%3A%2F%2Fwww.w3.org%2F2000%2Fsvg&#39;%20viewBox%3D&#39;0%200%20220%20220&#39;%2F%3E\" data-src=\"https:\/\/onestopmultiservicesga.com\/wp-content\/uploads\/2025\/03\/Translations-220x220.jpeg\" data-srcset=\"https:\/\/onestopmultiservicesga.com\/wp-content\/uploads\/2025\/03\/Translations-220x220.jpeg 220w, https:\/\/onestopmultiservicesga.com\/wp-content\/uploads\/2025\/03\/Translations-440x440.jpeg 440w\" loading=\"eager\" style=\"--ratio: 220 \/ 220\" sizes=\"(max-width: 220px) 100vw, 220px\" width=\"220\" height=\"220\"  data-dt-location=\"https:\/\/onestopmultiservicesga.com\/index.php\/services\/translations-2\/\" alt=\"\" \/><\/a><\/div><\/div><\/div><span id=\"creative-link-wrap-2309\" class=\"ult_main_cl ult-adjust-bottom-margin  \" >\n\t \t\t\t<span class=\"  ult_crlink\" >\n\t\t\t\t\t<a  data-ultimate-target='#creative-link-wrap-2309 .ult_colorlink'  data-responsive-json-new='{\"font-size\":\"desktop:26px;\",\"line-height\":\"desktop:32px;\"}'  href=\"https:\/\/onestopmultiservicesga.com\/index.php\/es\/traducciones\/\" title=\"Traducciones\"  class=\"ult_colorlink ult-responsive  vc_custom_1743836605959\" style=\"font-family:Open Sans Condensed;font-weight:700; \"  data-textcolor=\"#1f365c\" data-texthover=\"#ff9f1a\"data-style=\"\">\n\t\t\t\t\t\t\n\t\t\t\t\t\t<span data-hover=\"Traducciones\" style=\"color:#1f365c;;;\" class=\"ult_btn10_span   \">Traducciones<\/span>\n\t\t\t\t\t\t\n\t\t\t\t\t<\/a>\n\t\t\t\t<\/span>\n\t\t\t<\/span>[vc_column_text css=&#8221;.vc_custom_1743702223067{margin-top: -40px !important;}&#8221;]<\/p>\n<p style=\"text-align: center;\">\u00a1Hablamos espa\u00f1ol! Las traducciones de documentos oficiales aseguran la precisi\u00f3n y el cumplimiento de los requisitos legales, permitiendo una comunicaci\u00f3n efectiva a trav\u00e9s de lenguajes en contextos formales.<\/p>\n<p>[\/vc_column_text][\/vc_column][vc_column width=&#8221;1\/2&#8243; css=&#8221;.vc_custom_1498211173058{padding-bottom: 50px !important;}&#8221;]<style type=\"text\/css\" data-type=\"the7_shortcodes-inline-css\">.shortcode-single-image-wrap.shortcode-single-image-d7bd53cd93ecfea2927e1a51c5ed9581.enable-bg-rollover .rollover i,\n.shortcode-single-image-wrap.shortcode-single-image-d7bd53cd93ecfea2927e1a51c5ed9581.enable-bg-rollover .rollover-video i {\n  background: -webkit-linear-gradient();\n  background: linear-gradient();\n}\n.shortcode-single-image-wrap.shortcode-single-image-d7bd53cd93ecfea2927e1a51c5ed9581 .rollover-icon {\n  font-size: 32px;\n  color: #ffffff;\n  min-width: 44px;\n  min-height: 44px;\n  line-height: 44px;\n  border-radius: 100px;\n  border-style: solid;\n  border-width: 0px;\n}\n.dt-icon-bg-on.shortcode-single-image-wrap.shortcode-single-image-d7bd53cd93ecfea2927e1a51c5ed9581 .rollover-icon {\n  background: rgba(255,255,255,0.3);\n  box-shadow: none;\n}<\/style><div class=\"shortcode-single-image-wrap shortcode-single-image-d7bd53cd93ecfea2927e1a51c5ed9581 alignnone  vc_custom_1743836627073 enable-bg-rollover dt-icon-bg-off\" ><div class=\"shortcode-single-image\"><div class=\"fancy-media-wrap\" style=\"border-radius:500px;\"><a href=\"https:\/\/onestopmultiservicesga.com\/index.php\/es\/boletos-aereos\/\" class=\" layzr-bg rollover\" style=\"border-radius:500px;\" aria-label=\"Image\"><img decoding=\"async\" class=\"preload-me lazy-load aspect\" src=\"data:image\/svg+xml,%3Csvg%20xmlns%3D&#39;http%3A%2F%2Fwww.w3.org%2F2000%2Fsvg&#39;%20viewBox%3D&#39;0%200%20220%20220&#39;%2F%3E\" data-src=\"https:\/\/onestopmultiservicesga.com\/wp-content\/uploads\/2025\/03\/Plane-Tickets-220x220.jpeg\" data-srcset=\"https:\/\/onestopmultiservicesga.com\/wp-content\/uploads\/2025\/03\/Plane-Tickets-220x220.jpeg 220w, https:\/\/onestopmultiservicesga.com\/wp-content\/uploads\/2025\/03\/Plane-Tickets-440x440.jpeg 440w\" loading=\"eager\" style=\"--ratio: 220 \/ 220\" sizes=\"(max-width: 220px) 100vw, 220px\" width=\"220\" height=\"220\"  data-dt-location=\"https:\/\/onestopmultiservicesga.com\/index.php\/services\/plane-tickets-2\/\" alt=\"\" \/><\/a><\/div><\/div><\/div><span id=\"creative-link-wrap-5252\" class=\"ult_main_cl ult-adjust-bottom-margin  \" >\n\t \t\t\t<span class=\"  ult_crlink\" >\n\t\t\t\t\t<a  data-ultimate-target='#creative-link-wrap-5252 .ult_colorlink'  data-responsive-json-new='{\"font-size\":\"desktop:26px;\",\"line-height\":\"desktop:32px;\"}'  href=\"https:\/\/onestopmultiservicesga.com\/index.php\/es\/boletos-aereos\/\" title=\"Boletos A\u00e9reos\"  class=\"ult_colorlink ult-responsive  vc_custom_1743836641599\" style=\"font-family:Open Sans Condensed;font-weight:700; \"  data-textcolor=\"#1f365c\" data-texthover=\"#ffb536\"data-style=\"\">\n\t\t\t\t\t\t\n\t\t\t\t\t\t<span data-hover=\"Boletos A\u00e9reos\" style=\"color:#1f365c;;;\" class=\"ult_btn10_span   \">Boletos A\u00e9reos<\/span>\n\t\t\t\t\t\t\n\t\t\t\t\t<\/a>\n\t\t\t\t<\/span>\n\t\t\t<\/span>[vc_column_text css=&#8221;.vc_custom_1743702411544{margin-top: -40px !important;}&#8221;]<\/p>\n<p style=\"text-align: center;\">Adquirir boletos a\u00e9reos implica comparar aerol\u00edneas, fechas, y precios para encontrar la mejor oferta, asegurando un inicio tranquilo para sus viajes. \u00a1Feliz viaje! \u2708\ufe0f<\/p>\n<p>[\/vc_column_text][\/vc_column][\/vc_row][vc_row bg_type=&#8221;bg_color&#8221; bg_override=&#8221;ex-full&#8221; type=&#8221;vc_default&#8221; css=&#8221;.vc_custom_1498212491956{padding-top: 60px !important;padding-bottom: 70px !important;}&#8221; bg_color_value=&#8221;#f5f5f5&#8243;][vc_column]<div id=\"ultimate-heading-719369e180dfbc528\" class=\"uvc-heading ult-adjust-bottom-margin ultimate-heading-719369e180dfbc528 uvc-7945 color-title accent-title-color\" data-hspacer=\"no_spacer\"  data-halign=\"center\" style=\"text-align:center\"><div class=\"uvc-heading-spacer no_spacer\" style=\"top\"><\/div><div class=\"uvc-main-heading ult-responsive\"  data-ultimate-target='.uvc-heading.ultimate-heading-719369e180dfbc528 h2'  data-responsive-json-new='{\"font-size\":\"desktop:40px;tablet_portrait:20px;\",\"line-height\":\"desktop:46px;tablet_portrait:26px;\"}' ><h2 style=\"font-family:&#039;Open Sans Condensed&#039;;font-weight:700;margin-bottom:10px;\">\u00a1AP\u00daRATE! CONT\u00c1CTANOS HOY Y TEN UNA<\/h2><\/div><div class=\"uvc-sub-heading ult-responsive\"  data-ultimate-target='.uvc-heading.ultimate-heading-719369e180dfbc528 .uvc-sub-heading '  data-responsive-json-new='{\"font-size\":\"desktop:70px;tablet_portrait:40px;\",\"line-height\":\"desktop:76px;tablet_portrait:46px;\"}'  style=\"font-family:&#039;Open Sans Condensed&#039;;font-weight:700;\">PRIMERA CONSULTA GRATUITA<\/div><\/div><style type=\"text\/css\" data-type=\"the7_shortcodes-inline-css\">#default-btn-69a7fe0d27ca8617dfe35abc65d70bd6.ico-right-side > i {\n  margin-right: 0px;\n  margin-left: 8px;\n}\n#default-btn-69a7fe0d27ca8617dfe35abc65d70bd6 > i {\n  margin-right: 8px;\n}<\/style><div class=\"btn-align-center\"><a href=\"https:\/\/onestopmultiservicesga.com\/index.php\/es\/contacto\/\" class=\"default-btn-shortcode dt-btn dt-btn-l link-hover-off  vc_custom_1743836669800\" id=\"default-btn-69a7fe0d27ca8617dfe35abc65d70bd6\" style=\"width:400px;\" title=\"Contacto\"><span>AGENDA TU CONSULTA<\/span><\/a><\/div>[\/vc_column][\/vc_row]<\/p>\n<\/div>","protected":false},"excerpt":{"rendered":"<p>[vc_row type=&#8221;vc_default&#8221;][vc_column width=&#8221;1\/2&#8243; css=&#8221;.vc_custom_1498211177630{padding-bottom: 50px !important;}&#8221;][vc_column_text css=&#8221;.vc_custom_1743702017692{margin-top: -40px !important;}&#8221;] Los seguros personales ofrecen protecci\u00f3n financiera contra eventos inesperados, cubriendo salud, vida, propiedad, y m\u00e1s para asegurar tu futuro. [\/vc_column_text][vc_column_text css=&#8221;.vc_custom_1743702124128{margin-top: -40px !important;}&#8221;] Los seguros comerciales protegen a los negocios de riesgos financieros, cubriendo propiedades, responsabilidad, y asuntos relacionados a empleados para asegurar la estabilidad y&hellip;<\/p>\n","protected":false},"author":1,"featured_media":0,"parent":0,"menu_order":300,"comment_status":"closed","ping_status":"closed","template":"","meta":{"footnotes":""},"class_list":["post-2275","page","type-page","status-publish","hentry","description-off"],"lang":"es","translations":{"es":2275},"pll_sync_post":[],"_links":{"self":[{"href":"https:\/\/onestopmultiservicesga.com\/index.php\/wp-json\/wp\/v2\/pages\/2275","targetHints":{"allow":["GET"]}}],"collection":[{"href":"https:\/\/onestopmultiservicesga.com\/index.php\/wp-json\/wp\/v2\/pages"}],"about":[{"href":"https:\/\/onestopmultiservicesga.com\/index.php\/wp-json\/wp\/v2\/types\/page"}],"author":[{"embeddable":true,"href":"https:\/\/onestopmultiservicesga.com\/index.php\/wp-json\/wp\/v2\/users\/1"}],"replies":[{"embeddable":true,"href":"https:\/\/onestopmultiservicesga.com\/index.php\/wp-json\/wp\/v2\/comments?post=2275"}],"version-history":[{"count":6,"href":"https:\/\/onestopmultiservicesga.com\/index.php\/wp-json\/wp\/v2\/pages\/2275\/revisions"}],"predecessor-version":[{"id":2842,"href":"https:\/\/onestopmultiservicesga.com\/index.php\/wp-json\/wp\/v2\/pages\/2275\/revisions\/2842"}],"wp:attachment":[{"href":"https:\/\/onestopmultiservicesga.com\/index.php\/wp-json\/wp\/v2\/media?parent=2275"}],"curies":[{"name":"wp","href":"https:\/\/api.w.org\/{rel}","templated":true}]}}